{"id":2930,"date":"2024-05-02T13:35:14","date_gmt":"2024-05-02T11:35:14","guid":{"rendered":"https:\/\/silviarodrigueznutrition.com\/?post_type=product&#038;p=2930"},"modified":"2025-05-05T12:29:51","modified_gmt":"2025-05-05T10:29:51","slug":"marque-uma-consulta-presencial","status":"publish","type":"product","link":"https:\/\/silviarodrigueznutrition.com\/pt-pt\/producto\/marque-uma-consulta-presencial\/","title":{"rendered":"Marque uma consulta presencial"},"content":{"rendered":"","protected":false},"excerpt":{"rendered":"","protected":false},"featured_media":1078,"comment_status":"closed","ping_status":"closed","template":"","meta":{"_acf_changed":false},"product_brand":[],"product_cat":[],"product_tag":[],"class_list":{"0":"post-2930","1":"product","2":"type-product","3":"status-publish","4":"has-post-thumbnail","6":"description-off","8":"first","9":"instock","10":"virtual","11":"sold-individually","12":"taxable","13":"purchasable","14":"product-type-booking"},"exclude_global_add_ons":false,"addons":[{"name":"Consulta Presencial","type":"multiple_choice","position":0,"required":false,"title_format":"label","default":"","description_enable":true,"description":"Selecione o dia e o hor\u00e1rio desejado para a sua consulta presencial. Forma de pagamento atrav\u00e9s de cart\u00e3o de cr\u00e9dito no dia da consulta.","placeholder_enable":false,"placeholder":"","display":"radiobutton","restrictions_type":"any_text","adjust_price":false,"price":"","price_type":"flat_fee","restrictions":false,"min":"0","max":"0","options":[{"label":"1\u00aa Consulta Privada - 106\u20ac","price":"","price_type":"flat_fee","image":0},{"label":"2\u00aa Consulta Privada - 132\u20ac","price":"","price_type":"flat_fee","image":0},{"label":"Consultas privadas de Acompanhamento - 66\u20ac","price":"","price_type":"flat_fee","image":0},{"label":"Bono (5 consultas) - 390\u20ac","price":"","price_type":"flat_fee","image":0},{"label":"1\u00aa Consulta CNS - 106.14\u20ac","price":"","price_type":"flat_fee","image":0},{"label":"2\u00aa Consulta CNS - 132.68\u20ac","price":"","price_type":"flat_fee","image":0},{"label":"Consultas de Acompanhamento CNS - 66.34\u20ac","price":"","price_type":"flat_fee","image":0}]}],"acf":[],"yoast_head":"<!-- This site is optimized with the Yoast SEO plugin v25.5 - https:\/\/yoast.com\/wordpress\/plugins\/seo\/ -->\n<title>Marque uma consulta presencial - Silvia Rodr\u00edguez<\/title>\n<meta name=\"robots\" content=\"index, follow, max-snippet:-1, max-image-preview:large, max-video-preview:-1\" \/>\n<link rel=\"canonical\" href=\"https:\/\/silviarodrigueznutrition.com\/pt-pt\/producto\/marque-uma-consulta-presencial\/\" \/>\n<meta property=\"og:locale\" content=\"pt_PT\" \/>\n<meta property=\"og:type\" content=\"article\" \/>\n<meta property=\"og:title\" content=\"Marque uma consulta presencial - Silvia Rodr\u00edguez\" \/>\n<meta property=\"og:url\" content=\"https:\/\/silviarodrigueznutrition.com\/pt-pt\/producto\/marque-uma-consulta-presencial\/\" \/>\n<meta property=\"og:site_name\" content=\"Silvia Rodr\u00edguez\" \/>\n<meta property=\"article:modified_time\" content=\"2025-05-05T10:29:51+00:00\" \/>\n<meta property=\"og:image\" content=\"https:\/\/silviarodrigueznutrition.com\/wp-content\/uploads\/2022\/08\/nutricionistaonlinesilviarodriguez.jpg\" \/>\n\t<meta property=\"og:image:width\" content=\"1200\" \/>\n\t<meta property=\"og:image:height\" content=\"1200\" \/>\n\t<meta property=\"og:image:type\" content=\"image\/jpeg\" \/>\n<meta name=\"twitter:card\" content=\"summary_large_image\" \/>\n<script type=\"application\/ld+json\" class=\"yoast-schema-graph\">{\"@context\":\"https:\/\/schema.org\",\"@graph\":[{\"@type\":\"WebPage\",\"@id\":\"https:\/\/silviarodrigueznutrition.com\/pt-pt\/producto\/marque-uma-consulta-presencial\/\",\"url\":\"https:\/\/silviarodrigueznutrition.com\/pt-pt\/producto\/marque-uma-consulta-presencial\/\",\"name\":\"Marque uma consulta presencial - Silvia Rodr\u00edguez\",\"isPartOf\":{\"@id\":\"https:\/\/silviarodrigueznutrition.com\/pt-pt\/#website\"},\"primaryImageOfPage\":{\"@id\":\"https:\/\/silviarodrigueznutrition.com\/pt-pt\/producto\/marque-uma-consulta-presencial\/#primaryimage\"},\"image\":{\"@id\":\"https:\/\/silviarodrigueznutrition.com\/pt-pt\/producto\/marque-uma-consulta-presencial\/#primaryimage\"},\"thumbnailUrl\":\"https:\/\/silviarodrigueznutrition.com\/wp-content\/uploads\/2022\/08\/nutricionistaonlinesilviarodriguez.jpg\",\"datePublished\":\"2024-05-02T11:35:14+00:00\",\"dateModified\":\"2025-05-05T10:29:51+00:00\",\"breadcrumb\":{\"@id\":\"https:\/\/silviarodrigueznutrition.com\/pt-pt\/producto\/marque-uma-consulta-presencial\/#breadcrumb\"},\"inLanguage\":\"pt-PT\",\"potentialAction\":[{\"@type\":\"ReadAction\",\"target\":[\"https:\/\/silviarodrigueznutrition.com\/pt-pt\/producto\/marque-uma-consulta-presencial\/\"]}]},{\"@type\":\"ImageObject\",\"inLanguage\":\"pt-PT\",\"@id\":\"https:\/\/silviarodrigueznutrition.com\/pt-pt\/producto\/marque-uma-consulta-presencial\/#primaryimage\",\"url\":\"https:\/\/silviarodrigueznutrition.com\/wp-content\/uploads\/2022\/08\/nutricionistaonlinesilviarodriguez.jpg\",\"contentUrl\":\"https:\/\/silviarodrigueznutrition.com\/wp-content\/uploads\/2022\/08\/nutricionistaonlinesilviarodriguez.jpg\",\"width\":1200,\"height\":1200},{\"@type\":\"BreadcrumbList\",\"@id\":\"https:\/\/silviarodrigueznutrition.com\/pt-pt\/producto\/marque-uma-consulta-presencial\/#breadcrumb\",\"itemListElement\":[{\"@type\":\"ListItem\",\"position\":1,\"name\":\"Portada\",\"item\":\"https:\/\/silviarodrigueznutrition.com\/pt-pt\/\"},{\"@type\":\"ListItem\",\"position\":2,\"name\":\"Tienda\",\"item\":\"https:\/\/silviarodrigueznutrition.com\/tienda\/\"},{\"@type\":\"ListItem\",\"position\":3,\"name\":\"Marque uma consulta presencial\"}]},{\"@type\":\"WebSite\",\"@id\":\"https:\/\/silviarodrigueznutrition.com\/pt-pt\/#website\",\"url\":\"https:\/\/silviarodrigueznutrition.com\/pt-pt\/\",\"name\":\"Silvia Rodr\u00edguez\",\"description\":\"Nutrition\",\"potentialAction\":[{\"@type\":\"SearchAction\",\"target\":{\"@type\":\"EntryPoint\",\"urlTemplate\":\"https:\/\/silviarodrigueznutrition.com\/pt-pt\/?s={search_term_string}\"},\"query-input\":{\"@type\":\"PropertyValueSpecification\",\"valueRequired\":true,\"valueName\":\"search_term_string\"}}],\"inLanguage\":\"pt-PT\"}]}<\/script>\n<!-- \/ Yoast SEO plugin. -->","yoast_head_json":{"title":"Marque uma consulta presencial - Silvia Rodr\u00edguez","robots":{"index":"index","follow":"follow","max-snippet":"max-snippet:-1","max-image-preview":"max-image-preview:large","max-video-preview":"max-video-preview:-1"},"canonical":"https:\/\/silviarodrigueznutrition.com\/pt-pt\/producto\/marque-uma-consulta-presencial\/","og_locale":"pt_PT","og_type":"article","og_title":"Marque uma consulta presencial - Silvia Rodr\u00edguez","og_url":"https:\/\/silviarodrigueznutrition.com\/pt-pt\/producto\/marque-uma-consulta-presencial\/","og_site_name":"Silvia Rodr\u00edguez","article_modified_time":"2025-05-05T10:29:51+00:00","og_image":[{"width":1200,"height":1200,"url":"https:\/\/silviarodrigueznutrition.com\/wp-content\/uploads\/2022\/08\/nutricionistaonlinesilviarodriguez.jpg","type":"image\/jpeg"}],"twitter_card":"summary_large_image","schema":{"@context":"https:\/\/schema.org","@graph":[{"@type":"WebPage","@id":"https:\/\/silviarodrigueznutrition.com\/pt-pt\/producto\/marque-uma-consulta-presencial\/","url":"https:\/\/silviarodrigueznutrition.com\/pt-pt\/producto\/marque-uma-consulta-presencial\/","name":"Marque uma consulta presencial - Silvia Rodr\u00edguez","isPartOf":{"@id":"https:\/\/silviarodrigueznutrition.com\/pt-pt\/#website"},"primaryImageOfPage":{"@id":"https:\/\/silviarodrigueznutrition.com\/pt-pt\/producto\/marque-uma-consulta-presencial\/#primaryimage"},"image":{"@id":"https:\/\/silviarodrigueznutrition.com\/pt-pt\/producto\/marque-uma-consulta-presencial\/#primaryimage"},"thumbnailUrl":"https:\/\/silviarodrigueznutrition.com\/wp-content\/uploads\/2022\/08\/nutricionistaonlinesilviarodriguez.jpg","datePublished":"2024-05-02T11:35:14+00:00","dateModified":"2025-05-05T10:29:51+00:00","breadcrumb":{"@id":"https:\/\/silviarodrigueznutrition.com\/pt-pt\/producto\/marque-uma-consulta-presencial\/#breadcrumb"},"inLanguage":"pt-PT","potentialAction":[{"@type":"ReadAction","target":["https:\/\/silviarodrigueznutrition.com\/pt-pt\/producto\/marque-uma-consulta-presencial\/"]}]},{"@type":"ImageObject","inLanguage":"pt-PT","@id":"https:\/\/silviarodrigueznutrition.com\/pt-pt\/producto\/marque-uma-consulta-presencial\/#primaryimage","url":"https:\/\/silviarodrigueznutrition.com\/wp-content\/uploads\/2022\/08\/nutricionistaonlinesilviarodriguez.jpg","contentUrl":"https:\/\/silviarodrigueznutrition.com\/wp-content\/uploads\/2022\/08\/nutricionistaonlinesilviarodriguez.jpg","width":1200,"height":1200},{"@type":"BreadcrumbList","@id":"https:\/\/silviarodrigueznutrition.com\/pt-pt\/producto\/marque-uma-consulta-presencial\/#breadcrumb","itemListElement":[{"@type":"ListItem","position":1,"name":"Portada","item":"https:\/\/silviarodrigueznutrition.com\/pt-pt\/"},{"@type":"ListItem","position":2,"name":"Tienda","item":"https:\/\/silviarodrigueznutrition.com\/tienda\/"},{"@type":"ListItem","position":3,"name":"Marque uma consulta presencial"}]},{"@type":"WebSite","@id":"https:\/\/silviarodrigueznutrition.com\/pt-pt\/#website","url":"https:\/\/silviarodrigueznutrition.com\/pt-pt\/","name":"Silvia Rodr\u00edguez","description":"Nutrition","potentialAction":[{"@type":"SearchAction","target":{"@type":"EntryPoint","urlTemplate":"https:\/\/silviarodrigueznutrition.com\/pt-pt\/?s={search_term_string}"},"query-input":{"@type":"PropertyValueSpecification","valueRequired":true,"valueName":"search_term_string"}}],"inLanguage":"pt-PT"}]}},"_links":{"self":[{"href":"https:\/\/silviarodrigueznutrition.com\/pt-pt\/wp-json\/wp\/v2\/product\/2930","targetHints":{"allow":["GET"]}}],"collection":[{"href":"https:\/\/silviarodrigueznutrition.com\/pt-pt\/wp-json\/wp\/v2\/product"}],"about":[{"href":"https:\/\/silviarodrigueznutrition.com\/pt-pt\/wp-json\/wp\/v2\/types\/product"}],"replies":[{"embeddable":true,"href":"https:\/\/silviarodrigueznutrition.com\/pt-pt\/wp-json\/wp\/v2\/comments?post=2930"}],"wp:featuredmedia":[{"embeddable":true,"href":"https:\/\/silviarodrigueznutrition.com\/pt-pt\/wp-json\/wp\/v2\/media\/1078"}],"wp:attachment":[{"href":"https:\/\/silviarodrigueznutrition.com\/pt-pt\/wp-json\/wp\/v2\/media?parent=2930"}],"wp:term":[{"taxonomy":"product_brand","embeddable":true,"href":"https:\/\/silviarodrigueznutrition.com\/pt-pt\/wp-json\/wp\/v2\/product_brand?post=2930"},{"taxonomy":"product_cat","embeddable":true,"href":"https:\/\/silviarodrigueznutrition.com\/pt-pt\/wp-json\/wp\/v2\/product_cat?post=2930"},{"taxonomy":"product_tag","embeddable":true,"href":"https:\/\/silviarodrigueznutrition.com\/pt-pt\/wp-json\/wp\/v2\/product_tag?post=2930"}],"curies":[{"name":"wp","href":"https:\/\/api.w.org\/{rel}","templated":true}]}}