{"id":2887,"date":"2022-09-15T05:50:32","date_gmt":"2022-09-15T03:50:32","guid":{"rendered":"https:\/\/silviarodrigueznutrition.com\/?page_id=2887"},"modified":"2024-05-03T08:40:29","modified_gmt":"2024-05-03T06:40:29","slug":"intervencao-dietetica-na-phda","status":"publish","type":"page","link":"https:\/\/silviarodrigueznutrition.com\/pt-pt\/servicos\/intervencao-dietetica-na-phda\/","title":{"rendered":"Interven\u00e7\u00e3o diet\u00e9tica na PHDA"},"content":{"rendered":"<div class=\"wpb-content-wrapper\"><p>[vc_row type=&#8221;vc_default&#8221; css=&#8221;.vc_custom_1474212455358{margin-bottom: -50px !important;}&#8221;][vc_column offset=&#8221;vc_col-lg-8 vc_col-md-8 vc_col-xs-12&#8243; css=&#8221;.vc_custom_1474210659519{margin-bottom: 50px !important;padding-right: 25px !important;padding-left: 25px !important;}&#8221;][vc_single_image image=&#8221;1297&#8243; img_size=&#8221;1200&#215;675&#8243; alignment=&#8221;center&#8221; css=&#8221;.vc_custom_1664169455936{margin-bottom: 35px !important;}&#8221;]<div id=\"ultimate-heading-265769d571ca140db\" class=\"uvc-heading ult-adjust-bottom-margin ultimate-heading-265769d571ca140db uvc-2680  uvc-heading-default-font-sizes\" data-hspacer=\"no_spacer\"  data-halign=\"left\" style=\"text-align:left\"><div class=\"uvc-heading-spacer no_spacer\" style=\"top\"><\/div><div class=\"uvc-main-heading ult-responsive\"  data-ultimate-target='.uvc-heading.ultimate-heading-265769d571ca140db h2'  data-responsive-json-new='{\"font-size\":\"\",\"line-height\":\"\"}' ><h2 style=\"font-weight:bold;margin-bottom:20px;\">Interven\u00e7\u00e3o diet\u00e9tica na PHDA<\/h2><\/div><\/div>[vc_column_text]A perturba\u00e7\u00e3o de d\u00e9fice de aten\u00e7\u00e3o com ou sem hiperatividade \u00e9 uma perturba\u00e7\u00e3o geralmente diagnosticada na inf\u00e2ncia, com uma preval\u00eancia mundial de aproximadamente 6%, caracterizada por ser cr\u00f3nica e afetar o desenvolvimento neurol\u00f3gico. Na sua g\u00e9nese confluem factores de base gen\u00e9tica, biol\u00f3gica e ambiental. A interven\u00e7\u00e3o padr\u00e3o para a PHDA \u00e9 geralmente uma combina\u00e7\u00e3o de tratamento farmacol\u00f3gico e terapia psicol\u00f3gica. Atualmente, gra\u00e7as \u00e0 crescente investiga\u00e7\u00e3o nutricional, est\u00e3o a ser propostas diferentes abordagens terap\u00eautico-nutricionais para melhorar os sintomas.<\/p>\n<p>Deve ser considerado o tratamento farmacol\u00f3gico, a terapia psicol\u00f3gica e a interven\u00e7\u00e3o nutricional atrav\u00e9s de directrizes saud\u00e1veis ricas em alimentos frescos, fruta, legumes, leguminosas e peixe.<\/p>\n<p>Para al\u00e9m de uma eventual suplementa\u00e7\u00e3o com fosfatidilserina e\/ou probi\u00f3ticos, n\u00e3o esquecer de analisar os valores s\u00e9ricos para avaliar a suplementa\u00e7\u00e3o com PUFA, vitaminas e minerais como o zinco ou o ferro. Pode tamb\u00e9m ser interessante excluir a presen\u00e7a de metais pesados como o chumbo.<br \/>\n[\/vc_column_text][vc_empty_space height=&#8221;40px&#8221;][\/vc_column][vc_column offset=&#8221;vc_col-lg-4 vc_col-md-4 vc_col-xs-12&#8243; css=&#8221;.vc_custom_1474210785130{margin-bottom: 50px !important;padding-right: 25px !important;padding-left: 25px !important;}&#8221;][vc_row_inner css=&#8221;.vc_custom_1474210891220{padding-right: 25px !important;padding-left: 25px !important;}&#8221;][vc_column_inner css=&#8221;.vc_custom_1474211073851{padding-top: 30px !important;padding-right: 30px !important;padding-bottom: 15px !important;padding-left: 30px !important;background-color: #f4f4f4 !important;}&#8221;]<div id=\"ultimate-heading-61669d571ca1416d\" class=\"uvc-heading ult-adjust-bottom-margin ultimate-heading-61669d571ca1416d uvc-2777  uvc-heading-default-font-sizes\" data-hspacer=\"no_spacer\"  data-halign=\"left\" style=\"text-align:left\"><div class=\"uvc-heading-spacer no_spacer\" style=\"top\"><\/div><div class=\"uvc-main-heading ult-responsive\"  data-ultimate-target='.uvc-heading.ultimate-heading-61669d571ca1416d h3'  data-responsive-json-new='{\"font-size\":\"\",\"line-height\":\"\"}' ><h3 style=\"font-weight:bold;margin-bottom:20px;\">Meus servi\u00e7os<\/h3><\/div><\/div>[vc_wp_custommenu nav_menu=&#8221;43&#8243;][\/vc_column_inner][vc_column_inner css=&#8221;.vc_custom_1474210997759{margin-top: 30px !important;padding-top: 30px !important;padding-right: 30px !important;padding-bottom: 20px !important;padding-left: 30px !important;background-color: #f4f4f4 !important;}&#8221;]<div id=\"ultimate-heading-531569d571ca141c3\" class=\"uvc-heading ult-adjust-bottom-margin ultimate-heading-531569d571ca141c3 uvc-1086  uvc-heading-default-font-sizes\" data-hspacer=\"no_spacer\"  data-halign=\"left\" style=\"text-align:left\"><div class=\"uvc-heading-spacer no_spacer\" style=\"top\"><\/div><div class=\"uvc-main-heading ult-responsive\"  data-ultimate-target='.uvc-heading.ultimate-heading-531569d571ca141c3 h3'  data-responsive-json-new='{\"font-size\":\"\",\"line-height\":\"\"}' ><h3 style=\"font-weight:bold;margin-bottom:20px;\">Marque uma consulta<\/h3><\/div><\/div>[vc_column_text css=&#8221;.vc_custom_1714639145382{padding-bottom: 25px !important;}&#8221;]Posso ajud\u00e1-lo a melhorar sua sa\u00fade e seus h\u00e1bitos alimentares e nutricionais.<br \/>\n[\/vc_column_text]<style type=\"text\/css\" data-type=\"the7_shortcodes-inline-css\">#default-btn-43b955f96a6abe7d87e508ca2aa23709.ico-right-side > i {\n  margin-right: 0px;\n  margin-left: 8px;\n}\n#default-btn-43b955f96a6abe7d87e508ca2aa23709 > i {\n  margin-right: 8px;\n}\n<\/style><div class=\"btn-align-center\"><a href=\"https:\/\/silviarodrigueznutrition.com\/pt-pt\/consulta-online\/\" class=\"default-btn-shortcode dt-btn dt-btn-l link-hover-off full-width-btn \" id=\"default-btn-43b955f96a6abe7d87e508ca2aa23709\"><i class=\"icomoon-brankic-32x32-calendar2\"><\/i><span>Marque seu hor\u00e1rio agora mesmo!<\/span><\/a><\/div>[vc_empty_space height=&#8221;20px&#8221;][\/vc_column_inner][\/vc_row_inner][\/vc_column][\/vc_row]<\/p>\n<\/div>","protected":false},"excerpt":{"rendered":"<p>[vc_row type=&#8221;vc_default&#8221; css=&#8221;.vc_custom_1474212455358{margin-bottom: -50px !important;}&#8221;][vc_column offset=&#8221;vc_col-lg-8 vc_col-md-8 vc_col-xs-12&#8243; css=&#8221;.vc_custom_1474210659519{margin-bottom: 50px !important;padding-right: 25px !important;padding-left: 25px !important;}&#8221;][vc_single_image image=&#8221;1297&#8243; img_size=&#8221;1200&#215;675&#8243; alignment=&#8221;center&#8221; css=&#8221;.vc_custom_1664169455936{margin-bottom: 35px !important;}&#8221;][vc_column_text]A perturba\u00e7\u00e3o de d\u00e9fice de aten\u00e7\u00e3o com ou sem hiperatividade \u00e9 uma perturba\u00e7\u00e3o geralmente diagnosticada na inf\u00e2ncia, com uma preval\u00eancia mundial de aproximadamente 6%, caracterizada por ser cr\u00f3nica e afetar o desenvolvimento neurol\u00f3gico. Na sua&hellip;<\/p>\n","protected":false},"author":1,"featured_media":2795,"parent":2864,"menu_order":0,"comment_status":"closed","ping_status":"closed","template":"","meta":{"_acf_changed":false,"footnotes":""},"class_list":["post-2887","page","type-page","status-publish","has-post-thumbnail","hentry","description-off"],"acf":[],"yoast_head":"<!-- This site is optimized with the Yoast SEO plugin v25.5 - https:\/\/yoast.com\/wordpress\/plugins\/seo\/ -->\n<title>Interven\u00e7\u00e3o diet\u00e9tica na PHDA - Silvia Rodr\u00edguez<\/title>\n<meta name=\"robots\" content=\"index, follow, max-snippet:-1, max-image-preview:large, max-video-preview:-1\" \/>\n<link rel=\"canonical\" href=\"https:\/\/silviarodrigueznutrition.com\/pt-pt\/servicos\/intervencao-dietetica-na-phda\/\" \/>\n<meta property=\"og:locale\" content=\"pt_PT\" \/>\n<meta property=\"og:type\" content=\"article\" \/>\n<meta property=\"og:title\" content=\"Interven\u00e7\u00e3o diet\u00e9tica na PHDA - Silvia Rodr\u00edguez\" \/>\n<meta property=\"og:description\" content=\"[vc_row type=&#8221;vc_default&#8221; css=&#8221;.vc_custom_1474212455358{margin-bottom: -50px !important;}&#8221;][vc_column offset=&#8221;vc_col-lg-8 vc_col-md-8 vc_col-xs-12&#8243; css=&#8221;.vc_custom_1474210659519{margin-bottom: 50px !important;padding-right: 25px !important;padding-left: 25px !important;}&#8221;][vc_single_image image=&#8221;1297&#8243; img_size=&#8221;1200&#215;675&#8243; alignment=&#8221;center&#8221; css=&#8221;.vc_custom_1664169455936{margin-bottom: 35px !important;}&#8221;][vc_column_text]A perturba\u00e7\u00e3o de d\u00e9fice de aten\u00e7\u00e3o com ou sem hiperatividade \u00e9 uma perturba\u00e7\u00e3o geralmente diagnosticada na inf\u00e2ncia, com uma preval\u00eancia mundial de aproximadamente 6%, caracterizada por ser cr\u00f3nica e afetar o desenvolvimento neurol\u00f3gico. Na sua&hellip;\" \/>\n<meta property=\"og:url\" content=\"https:\/\/silviarodrigueznutrition.com\/pt-pt\/servicos\/intervencao-dietetica-na-phda\/\" \/>\n<meta property=\"og:site_name\" content=\"Silvia Rodr\u00edguez\" \/>\n<meta property=\"article:modified_time\" content=\"2024-05-03T06:40:29+00:00\" \/>\n<meta property=\"og:image\" content=\"https:\/\/silviarodrigueznutrition.com\/wp-content\/uploads\/2022\/09\/trastornosalimenticios.jpg\" \/>\n\t<meta property=\"og:image:width\" content=\"1500\" \/>\n\t<meta property=\"og:image:height\" content=\"1001\" \/>\n\t<meta property=\"og:image:type\" content=\"image\/jpeg\" \/>\n<meta name=\"twitter:card\" content=\"summary_large_image\" \/>\n<meta name=\"twitter:label1\" content=\"Tempo estimado de leitura\" \/>\n\t<meta name=\"twitter:data1\" content=\"2 minutos\" \/>\n<script type=\"application\/ld+json\" class=\"yoast-schema-graph\">{\"@context\":\"https:\/\/schema.org\",\"@graph\":[{\"@type\":\"WebPage\",\"@id\":\"https:\/\/silviarodrigueznutrition.com\/pt-pt\/servicos\/intervencao-dietetica-na-phda\/\",\"url\":\"https:\/\/silviarodrigueznutrition.com\/pt-pt\/servicos\/intervencao-dietetica-na-phda\/\",\"name\":\"Interven\u00e7\u00e3o diet\u00e9tica na PHDA - Silvia Rodr\u00edguez\",\"isPartOf\":{\"@id\":\"https:\/\/silviarodrigueznutrition.com\/pt-pt\/#website\"},\"primaryImageOfPage\":{\"@id\":\"https:\/\/silviarodrigueznutrition.com\/pt-pt\/servicos\/intervencao-dietetica-na-phda\/#primaryimage\"},\"image\":{\"@id\":\"https:\/\/silviarodrigueznutrition.com\/pt-pt\/servicos\/intervencao-dietetica-na-phda\/#primaryimage\"},\"thumbnailUrl\":\"https:\/\/silviarodrigueznutrition.com\/wp-content\/uploads\/2022\/09\/trastornosalimenticios.jpg\",\"datePublished\":\"2022-09-15T03:50:32+00:00\",\"dateModified\":\"2024-05-03T06:40:29+00:00\",\"breadcrumb\":{\"@id\":\"https:\/\/silviarodrigueznutrition.com\/pt-pt\/servicos\/intervencao-dietetica-na-phda\/#breadcrumb\"},\"inLanguage\":\"pt-PT\",\"potentialAction\":[{\"@type\":\"ReadAction\",\"target\":[\"https:\/\/silviarodrigueznutrition.com\/pt-pt\/servicos\/intervencao-dietetica-na-phda\/\"]}]},{\"@type\":\"ImageObject\",\"inLanguage\":\"pt-PT\",\"@id\":\"https:\/\/silviarodrigueznutrition.com\/pt-pt\/servicos\/intervencao-dietetica-na-phda\/#primaryimage\",\"url\":\"https:\/\/silviarodrigueznutrition.com\/wp-content\/uploads\/2022\/09\/trastornosalimenticios.jpg\",\"contentUrl\":\"https:\/\/silviarodrigueznutrition.com\/wp-content\/uploads\/2022\/09\/trastornosalimenticios.jpg\",\"width\":1500,\"height\":1001},{\"@type\":\"BreadcrumbList\",\"@id\":\"https:\/\/silviarodrigueznutrition.com\/pt-pt\/servicos\/intervencao-dietetica-na-phda\/#breadcrumb\",\"itemListElement\":[{\"@type\":\"ListItem\",\"position\":1,\"name\":\"Portada\",\"item\":\"https:\/\/silviarodrigueznutrition.com\/pt-pt\/\"},{\"@type\":\"ListItem\",\"position\":2,\"name\":\"Servi\u00e7os\",\"item\":\"https:\/\/silviarodrigueznutrition.com\/pt-pt\/servicos\/\"},{\"@type\":\"ListItem\",\"position\":3,\"name\":\"Interven\u00e7\u00e3o diet\u00e9tica na PHDA\"}]},{\"@type\":\"WebSite\",\"@id\":\"https:\/\/silviarodrigueznutrition.com\/pt-pt\/#website\",\"url\":\"https:\/\/silviarodrigueznutrition.com\/pt-pt\/\",\"name\":\"Silvia Rodr\u00edguez\",\"description\":\"Nutrition\",\"potentialAction\":[{\"@type\":\"SearchAction\",\"target\":{\"@type\":\"EntryPoint\",\"urlTemplate\":\"https:\/\/silviarodrigueznutrition.com\/pt-pt\/?s={search_term_string}\"},\"query-input\":{\"@type\":\"PropertyValueSpecification\",\"valueRequired\":true,\"valueName\":\"search_term_string\"}}],\"inLanguage\":\"pt-PT\"}]}<\/script>\n<!-- \/ Yoast SEO plugin. -->","yoast_head_json":{"title":"Interven\u00e7\u00e3o diet\u00e9tica na PHDA - Silvia Rodr\u00edguez","robots":{"index":"index","follow":"follow","max-snippet":"max-snippet:-1","max-image-preview":"max-image-preview:large","max-video-preview":"max-video-preview:-1"},"canonical":"https:\/\/silviarodrigueznutrition.com\/pt-pt\/servicos\/intervencao-dietetica-na-phda\/","og_locale":"pt_PT","og_type":"article","og_title":"Interven\u00e7\u00e3o diet\u00e9tica na PHDA - Silvia Rodr\u00edguez","og_description":"[vc_row type=&#8221;vc_default&#8221; css=&#8221;.vc_custom_1474212455358{margin-bottom: -50px !important;}&#8221;][vc_column offset=&#8221;vc_col-lg-8 vc_col-md-8 vc_col-xs-12&#8243; css=&#8221;.vc_custom_1474210659519{margin-bottom: 50px !important;padding-right: 25px !important;padding-left: 25px !important;}&#8221;][vc_single_image image=&#8221;1297&#8243; img_size=&#8221;1200&#215;675&#8243; alignment=&#8221;center&#8221; css=&#8221;.vc_custom_1664169455936{margin-bottom: 35px !important;}&#8221;][vc_column_text]A perturba\u00e7\u00e3o de d\u00e9fice de aten\u00e7\u00e3o com ou sem hiperatividade \u00e9 uma perturba\u00e7\u00e3o geralmente diagnosticada na inf\u00e2ncia, com uma preval\u00eancia mundial de aproximadamente 6%, caracterizada por ser cr\u00f3nica e afetar o desenvolvimento neurol\u00f3gico. Na sua&hellip;","og_url":"https:\/\/silviarodrigueznutrition.com\/pt-pt\/servicos\/intervencao-dietetica-na-phda\/","og_site_name":"Silvia Rodr\u00edguez","article_modified_time":"2024-05-03T06:40:29+00:00","og_image":[{"width":1500,"height":1001,"url":"https:\/\/silviarodrigueznutrition.com\/wp-content\/uploads\/2022\/09\/trastornosalimenticios.jpg","type":"image\/jpeg"}],"twitter_card":"summary_large_image","twitter_misc":{"Tempo estimado de leitura":"2 minutos"},"schema":{"@context":"https:\/\/schema.org","@graph":[{"@type":"WebPage","@id":"https:\/\/silviarodrigueznutrition.com\/pt-pt\/servicos\/intervencao-dietetica-na-phda\/","url":"https:\/\/silviarodrigueznutrition.com\/pt-pt\/servicos\/intervencao-dietetica-na-phda\/","name":"Interven\u00e7\u00e3o diet\u00e9tica na PHDA - Silvia Rodr\u00edguez","isPartOf":{"@id":"https:\/\/silviarodrigueznutrition.com\/pt-pt\/#website"},"primaryImageOfPage":{"@id":"https:\/\/silviarodrigueznutrition.com\/pt-pt\/servicos\/intervencao-dietetica-na-phda\/#primaryimage"},"image":{"@id":"https:\/\/silviarodrigueznutrition.com\/pt-pt\/servicos\/intervencao-dietetica-na-phda\/#primaryimage"},"thumbnailUrl":"https:\/\/silviarodrigueznutrition.com\/wp-content\/uploads\/2022\/09\/trastornosalimenticios.jpg","datePublished":"2022-09-15T03:50:32+00:00","dateModified":"2024-05-03T06:40:29+00:00","breadcrumb":{"@id":"https:\/\/silviarodrigueznutrition.com\/pt-pt\/servicos\/intervencao-dietetica-na-phda\/#breadcrumb"},"inLanguage":"pt-PT","potentialAction":[{"@type":"ReadAction","target":["https:\/\/silviarodrigueznutrition.com\/pt-pt\/servicos\/intervencao-dietetica-na-phda\/"]}]},{"@type":"ImageObject","inLanguage":"pt-PT","@id":"https:\/\/silviarodrigueznutrition.com\/pt-pt\/servicos\/intervencao-dietetica-na-phda\/#primaryimage","url":"https:\/\/silviarodrigueznutrition.com\/wp-content\/uploads\/2022\/09\/trastornosalimenticios.jpg","contentUrl":"https:\/\/silviarodrigueznutrition.com\/wp-content\/uploads\/2022\/09\/trastornosalimenticios.jpg","width":1500,"height":1001},{"@type":"BreadcrumbList","@id":"https:\/\/silviarodrigueznutrition.com\/pt-pt\/servicos\/intervencao-dietetica-na-phda\/#breadcrumb","itemListElement":[{"@type":"ListItem","position":1,"name":"Portada","item":"https:\/\/silviarodrigueznutrition.com\/pt-pt\/"},{"@type":"ListItem","position":2,"name":"Servi\u00e7os","item":"https:\/\/silviarodrigueznutrition.com\/pt-pt\/servicos\/"},{"@type":"ListItem","position":3,"name":"Interven\u00e7\u00e3o diet\u00e9tica na PHDA"}]},{"@type":"WebSite","@id":"https:\/\/silviarodrigueznutrition.com\/pt-pt\/#website","url":"https:\/\/silviarodrigueznutrition.com\/pt-pt\/","name":"Silvia Rodr\u00edguez","description":"Nutrition","potentialAction":[{"@type":"SearchAction","target":{"@type":"EntryPoint","urlTemplate":"https:\/\/silviarodrigueznutrition.com\/pt-pt\/?s={search_term_string}"},"query-input":{"@type":"PropertyValueSpecification","valueRequired":true,"valueName":"search_term_string"}}],"inLanguage":"pt-PT"}]}},"_links":{"self":[{"href":"https:\/\/silviarodrigueznutrition.com\/pt-pt\/wp-json\/wp\/v2\/pages\/2887","targetHints":{"allow":["GET"]}}],"collection":[{"href":"https:\/\/silviarodrigueznutrition.com\/pt-pt\/wp-json\/wp\/v2\/pages"}],"about":[{"href":"https:\/\/silviarodrigueznutrition.com\/pt-pt\/wp-json\/wp\/v2\/types\/page"}],"author":[{"embeddable":true,"href":"https:\/\/silviarodrigueznutrition.com\/pt-pt\/wp-json\/wp\/v2\/users\/1"}],"replies":[{"embeddable":true,"href":"https:\/\/silviarodrigueznutrition.com\/pt-pt\/wp-json\/wp\/v2\/comments?post=2887"}],"version-history":[{"count":4,"href":"https:\/\/silviarodrigueznutrition.com\/pt-pt\/wp-json\/wp\/v2\/pages\/2887\/revisions"}],"predecessor-version":[{"id":2994,"href":"https:\/\/silviarodrigueznutrition.com\/pt-pt\/wp-json\/wp\/v2\/pages\/2887\/revisions\/2994"}],"up":[{"embeddable":true,"href":"https:\/\/silviarodrigueznutrition.com\/pt-pt\/wp-json\/wp\/v2\/pages\/2864"}],"wp:featuredmedia":[{"embeddable":true,"href":"https:\/\/silviarodrigueznutrition.com\/pt-pt\/wp-json\/wp\/v2\/media\/2795"}],"wp:attachment":[{"href":"https:\/\/silviarodrigueznutrition.com\/pt-pt\/wp-json\/wp\/v2\/media?parent=2887"}],"curies":[{"name":"wp","href":"https:\/\/api.w.org\/{rel}","templated":true}]}}