{"id":2877,"date":"2022-09-15T05:44:46","date_gmt":"2022-09-15T03:44:46","guid":{"rendered":"https:\/\/silviarodrigueznutrition.com\/?page_id=2877"},"modified":"2024-05-03T08:39:58","modified_gmt":"2024-05-03T06:39:58","slug":"nutricao-clinica","status":"publish","type":"page","link":"https:\/\/silviarodrigueznutrition.com\/pt-pt\/servicos\/nutricao-clinica\/","title":{"rendered":"Nutri\u00e7\u00e3o cl\u00ednica"},"content":{"rendered":"<div class=\"wpb-content-wrapper\"><p>[vc_row type=&#8221;vc_default&#8221; css=&#8221;.vc_custom_1474212455358{margin-bottom: -50px !important;}&#8221;][vc_column offset=&#8221;vc_col-lg-8 vc_col-md-8 vc_col-xs-12&#8243; css=&#8221;.vc_custom_1474210659519{margin-bottom: 50px !important;padding-right: 25px !important;padding-left: 25px !important;}&#8221;][vc_single_image image=&#8221;1249&#8243; img_size=&#8221;1200&#215;675&#8243; alignment=&#8221;center&#8221; css=&#8221;.vc_custom_1663213485624{margin-bottom: 35px !important;}&#8221;]<div id=\"ultimate-heading-694669d10187e7d1c\" class=\"uvc-heading ult-adjust-bottom-margin ultimate-heading-694669d10187e7d1c uvc-347  uvc-heading-default-font-sizes\" data-hspacer=\"no_spacer\"  data-halign=\"left\" style=\"text-align:left\"><div class=\"uvc-heading-spacer no_spacer\" style=\"top\"><\/div><div class=\"uvc-main-heading ult-responsive\"  data-ultimate-target='.uvc-heading.ultimate-heading-694669d10187e7d1c h2'  data-responsive-json-new='{\"font-size\":\"\",\"line-height\":\"\"}' ><h2 style=\"font-weight:bold;margin-bottom:20px;\">Nutri\u00e7\u00e3o cl\u00ednica<\/h2><\/div><\/div>[vc_column_text]A alimenta\u00e7\u00e3o \u00e9 vital para o tratamento de muitas doen\u00e7as, embora seja um dos aspectos mais negligenciados em muitas patologias.[\/vc_column_text][vc_empty_space height=&#8221;40px&#8221;]<div class=\"standard-arrow\"><ul>\n<li>Doen\u00e7as cardiovasculares: dislipidemia, hipertens\u00e3o, etc.<\/li>\n<li>Alergias e intoler\u00e2ncias alimentares<\/li>\n<li>Patologias digestivas: SII, doen\u00e7a de Crohn, gastrite<\/li>\n<li>Doen\u00e7as auto-imunes: doen\u00e7a cel\u00edaca, l\u00fapus, reumatologia<\/li>\n<li>Doen\u00e7as end\u00f3crinas: SOP, diabetes<\/li>\n<\/ul>\n<\/div>[\/vc_column][vc_column offset=&#8221;vc_col-lg-4 vc_col-md-4 vc_col-xs-12&#8243; css=&#8221;.vc_custom_1474210785130{margin-bottom: 50px !important;padding-right: 25px !important;padding-left: 25px !important;}&#8221;][vc_row_inner css=&#8221;.vc_custom_1474210891220{padding-right: 25px !important;padding-left: 25px !important;}&#8221;][vc_column_inner css=&#8221;.vc_custom_1474211073851{padding-top: 30px !important;padding-right: 30px !important;padding-bottom: 15px !important;padding-left: 30px !important;background-color: #f4f4f4 !important;}&#8221;]<div id=\"ultimate-heading-9669d10187e7e26\" class=\"uvc-heading ult-adjust-bottom-margin ultimate-heading-9669d10187e7e26 uvc-2082  uvc-heading-default-font-sizes\" data-hspacer=\"no_spacer\"  data-halign=\"left\" style=\"text-align:left\"><div class=\"uvc-heading-spacer no_spacer\" style=\"top\"><\/div><div class=\"uvc-main-heading ult-responsive\"  data-ultimate-target='.uvc-heading.ultimate-heading-9669d10187e7e26 h3'  data-responsive-json-new='{\"font-size\":\"\",\"line-height\":\"\"}' ><h3 style=\"font-weight:bold;margin-bottom:20px;\">Meus servi\u00e7os<\/h3><\/div><\/div>[vc_wp_custommenu nav_menu=&#8221;43&#8243;][\/vc_column_inner][vc_column_inner css=&#8221;.vc_custom_1474210997759{margin-top: 30px !important;padding-top: 30px !important;padding-right: 30px !important;padding-bottom: 20px !important;padding-left: 30px !important;background-color: #f4f4f4 !important;}&#8221;]<div id=\"ultimate-heading-808169d10187e7e7a\" class=\"uvc-heading ult-adjust-bottom-margin ultimate-heading-808169d10187e7e7a uvc-2914  uvc-heading-default-font-sizes\" data-hspacer=\"no_spacer\"  data-halign=\"left\" style=\"text-align:left\"><div class=\"uvc-heading-spacer no_spacer\" style=\"top\"><\/div><div class=\"uvc-main-heading ult-responsive\"  data-ultimate-target='.uvc-heading.ultimate-heading-808169d10187e7e7a h3'  data-responsive-json-new='{\"font-size\":\"\",\"line-height\":\"\"}' ><h3 style=\"font-weight:bold;margin-bottom:20px;\">Marque uma consulta<\/h3><\/div><\/div>[vc_column_text css=&#8221;.vc_custom_1714638633168{padding-bottom: 25px !important;}&#8221;]Posso ajud\u00e1-lo a melhorar sua sa\u00fade e seus h\u00e1bitos alimentares e nutricionais.<br \/>\n[\/vc_column_text]<style type=\"text\/css\" data-type=\"the7_shortcodes-inline-css\">#default-btn-43b955f96a6abe7d87e508ca2aa23709.ico-right-side > i {\n  margin-right: 0px;\n  margin-left: 8px;\n}\n#default-btn-43b955f96a6abe7d87e508ca2aa23709 > i {\n  margin-right: 8px;\n}\n<\/style><div class=\"btn-align-center\"><a href=\"https:\/\/silviarodrigueznutrition.com\/pt-pt\/consulta-online\/\" class=\"default-btn-shortcode dt-btn dt-btn-l link-hover-off full-width-btn \" id=\"default-btn-43b955f96a6abe7d87e508ca2aa23709\"><i class=\"icomoon-brankic-32x32-calendar2\"><\/i><span>Marque seu hor\u00e1rio agora mesmo!<\/span><\/a><\/div>[vc_empty_space height=&#8221;20px&#8221;][\/vc_column_inner][\/vc_row_inner][\/vc_column][\/vc_row]<\/p>\n<\/div>","protected":false},"excerpt":{"rendered":"<p>[vc_row type=&#8221;vc_default&#8221; css=&#8221;.vc_custom_1474212455358{margin-bottom: -50px !important;}&#8221;][vc_column offset=&#8221;vc_col-lg-8 vc_col-md-8 vc_col-xs-12&#8243; css=&#8221;.vc_custom_1474210659519{margin-bottom: 50px !important;padding-right: 25px !important;padding-left: 25px !important;}&#8221;][vc_single_image image=&#8221;1249&#8243; img_size=&#8221;1200&#215;675&#8243; alignment=&#8221;center&#8221; css=&#8221;.vc_custom_1663213485624{margin-bottom: 35px !important;}&#8221;][vc_column_text]A alimenta\u00e7\u00e3o \u00e9 vital para o tratamento de muitas doen\u00e7as, embora seja um dos aspectos mais negligenciados em muitas patologias.[\/vc_column_text][vc_empty_space height=&#8221;40px&#8221;][\/vc_column][vc_column offset=&#8221;vc_col-lg-4 vc_col-md-4 vc_col-xs-12&#8243; css=&#8221;.vc_custom_1474210785130{margin-bottom: 50px !important;padding-right: 25px !important;padding-left: 25px !important;}&#8221;][vc_row_inner css=&#8221;.vc_custom_1474210891220{padding-right: 25px !important;padding-left: 25px&hellip;<\/p>\n","protected":false},"author":1,"featured_media":2756,"parent":2864,"menu_order":0,"comment_status":"closed","ping_status":"closed","template":"","meta":{"_acf_changed":false,"footnotes":""},"class_list":["post-2877","page","type-page","status-publish","has-post-thumbnail","hentry","description-off"],"acf":[],"yoast_head":"<!-- This site is optimized with the Yoast SEO plugin v25.5 - https:\/\/yoast.com\/wordpress\/plugins\/seo\/ -->\n<title>Nutri\u00e7\u00e3o cl\u00ednica - Silvia Rodr\u00edguez<\/title>\n<meta name=\"robots\" content=\"index, follow, max-snippet:-1, max-image-preview:large, max-video-preview:-1\" \/>\n<link rel=\"canonical\" href=\"https:\/\/silviarodrigueznutrition.com\/pt-pt\/servicos\/nutricao-clinica\/\" \/>\n<meta property=\"og:locale\" content=\"pt_PT\" \/>\n<meta property=\"og:type\" content=\"article\" \/>\n<meta property=\"og:title\" content=\"Nutri\u00e7\u00e3o cl\u00ednica - Silvia Rodr\u00edguez\" \/>\n<meta property=\"og:description\" content=\"[vc_row type=&#8221;vc_default&#8221; css=&#8221;.vc_custom_1474212455358{margin-bottom: -50px !important;}&#8221;][vc_column offset=&#8221;vc_col-lg-8 vc_col-md-8 vc_col-xs-12&#8243; css=&#8221;.vc_custom_1474210659519{margin-bottom: 50px !important;padding-right: 25px !important;padding-left: 25px !important;}&#8221;][vc_single_image image=&#8221;1249&#8243; img_size=&#8221;1200&#215;675&#8243; alignment=&#8221;center&#8221; css=&#8221;.vc_custom_1663213485624{margin-bottom: 35px !important;}&#8221;][vc_column_text]A alimenta\u00e7\u00e3o \u00e9 vital para o tratamento de muitas doen\u00e7as, embora seja um dos aspectos mais negligenciados em muitas patologias.[\/vc_column_text][vc_empty_space height=&#8221;40px&#8221;][\/vc_column][vc_column offset=&#8221;vc_col-lg-4 vc_col-md-4 vc_col-xs-12&#8243; css=&#8221;.vc_custom_1474210785130{margin-bottom: 50px !important;padding-right: 25px !important;padding-left: 25px !important;}&#8221;][vc_row_inner css=&#8221;.vc_custom_1474210891220{padding-right: 25px !important;padding-left: 25px&hellip;\" \/>\n<meta property=\"og:url\" content=\"https:\/\/silviarodrigueznutrition.com\/pt-pt\/servicos\/nutricao-clinica\/\" \/>\n<meta property=\"og:site_name\" content=\"Silvia Rodr\u00edguez\" \/>\n<meta property=\"article:modified_time\" content=\"2024-05-03T06:39:58+00:00\" \/>\n<meta property=\"og:image\" content=\"https:\/\/silviarodrigueznutrition.com\/wp-content\/uploads\/2022\/08\/silvianutricion-imagen008.jpg\" \/>\n\t<meta property=\"og:image:width\" content=\"1500\" \/>\n\t<meta property=\"og:image:height\" content=\"1000\" \/>\n\t<meta property=\"og:image:type\" content=\"image\/jpeg\" \/>\n<meta name=\"twitter:card\" content=\"summary_large_image\" \/>\n<meta name=\"twitter:label1\" content=\"Tempo estimado de leitura\" \/>\n\t<meta name=\"twitter:data1\" content=\"2 minutos\" \/>\n<script type=\"application\/ld+json\" class=\"yoast-schema-graph\">{\"@context\":\"https:\/\/schema.org\",\"@graph\":[{\"@type\":\"WebPage\",\"@id\":\"https:\/\/silviarodrigueznutrition.com\/pt-pt\/servicos\/nutricao-clinica\/\",\"url\":\"https:\/\/silviarodrigueznutrition.com\/pt-pt\/servicos\/nutricao-clinica\/\",\"name\":\"Nutri\u00e7\u00e3o cl\u00ednica - Silvia Rodr\u00edguez\",\"isPartOf\":{\"@id\":\"https:\/\/silviarodrigueznutrition.com\/pt-pt\/#website\"},\"primaryImageOfPage\":{\"@id\":\"https:\/\/silviarodrigueznutrition.com\/pt-pt\/servicos\/nutricao-clinica\/#primaryimage\"},\"image\":{\"@id\":\"https:\/\/silviarodrigueznutrition.com\/pt-pt\/servicos\/nutricao-clinica\/#primaryimage\"},\"thumbnailUrl\":\"https:\/\/silviarodrigueznutrition.com\/wp-content\/uploads\/2022\/08\/silvianutricion-imagen008.jpg\",\"datePublished\":\"2022-09-15T03:44:46+00:00\",\"dateModified\":\"2024-05-03T06:39:58+00:00\",\"breadcrumb\":{\"@id\":\"https:\/\/silviarodrigueznutrition.com\/pt-pt\/servicos\/nutricao-clinica\/#breadcrumb\"},\"inLanguage\":\"pt-PT\",\"potentialAction\":[{\"@type\":\"ReadAction\",\"target\":[\"https:\/\/silviarodrigueznutrition.com\/pt-pt\/servicos\/nutricao-clinica\/\"]}]},{\"@type\":\"ImageObject\",\"inLanguage\":\"pt-PT\",\"@id\":\"https:\/\/silviarodrigueznutrition.com\/pt-pt\/servicos\/nutricao-clinica\/#primaryimage\",\"url\":\"https:\/\/silviarodrigueznutrition.com\/wp-content\/uploads\/2022\/08\/silvianutricion-imagen008.jpg\",\"contentUrl\":\"https:\/\/silviarodrigueznutrition.com\/wp-content\/uploads\/2022\/08\/silvianutricion-imagen008.jpg\",\"width\":1500,\"height\":1000},{\"@type\":\"BreadcrumbList\",\"@id\":\"https:\/\/silviarodrigueznutrition.com\/pt-pt\/servicos\/nutricao-clinica\/#breadcrumb\",\"itemListElement\":[{\"@type\":\"ListItem\",\"position\":1,\"name\":\"Portada\",\"item\":\"https:\/\/silviarodrigueznutrition.com\/pt-pt\/\"},{\"@type\":\"ListItem\",\"position\":2,\"name\":\"Servi\u00e7os\",\"item\":\"https:\/\/silviarodrigueznutrition.com\/pt-pt\/servicos\/\"},{\"@type\":\"ListItem\",\"position\":3,\"name\":\"Nutri\u00e7\u00e3o cl\u00ednica\"}]},{\"@type\":\"WebSite\",\"@id\":\"https:\/\/silviarodrigueznutrition.com\/pt-pt\/#website\",\"url\":\"https:\/\/silviarodrigueznutrition.com\/pt-pt\/\",\"name\":\"Silvia Rodr\u00edguez\",\"description\":\"Nutrition\",\"potentialAction\":[{\"@type\":\"SearchAction\",\"target\":{\"@type\":\"EntryPoint\",\"urlTemplate\":\"https:\/\/silviarodrigueznutrition.com\/pt-pt\/?s={search_term_string}\"},\"query-input\":{\"@type\":\"PropertyValueSpecification\",\"valueRequired\":true,\"valueName\":\"search_term_string\"}}],\"inLanguage\":\"pt-PT\"}]}<\/script>\n<!-- \/ Yoast SEO plugin. -->","yoast_head_json":{"title":"Nutri\u00e7\u00e3o cl\u00ednica - Silvia Rodr\u00edguez","robots":{"index":"index","follow":"follow","max-snippet":"max-snippet:-1","max-image-preview":"max-image-preview:large","max-video-preview":"max-video-preview:-1"},"canonical":"https:\/\/silviarodrigueznutrition.com\/pt-pt\/servicos\/nutricao-clinica\/","og_locale":"pt_PT","og_type":"article","og_title":"Nutri\u00e7\u00e3o cl\u00ednica - Silvia Rodr\u00edguez","og_description":"[vc_row type=&#8221;vc_default&#8221; css=&#8221;.vc_custom_1474212455358{margin-bottom: -50px !important;}&#8221;][vc_column offset=&#8221;vc_col-lg-8 vc_col-md-8 vc_col-xs-12&#8243; css=&#8221;.vc_custom_1474210659519{margin-bottom: 50px !important;padding-right: 25px !important;padding-left: 25px !important;}&#8221;][vc_single_image image=&#8221;1249&#8243; img_size=&#8221;1200&#215;675&#8243; alignment=&#8221;center&#8221; css=&#8221;.vc_custom_1663213485624{margin-bottom: 35px !important;}&#8221;][vc_column_text]A alimenta\u00e7\u00e3o \u00e9 vital para o tratamento de muitas doen\u00e7as, embora seja um dos aspectos mais negligenciados em muitas patologias.[\/vc_column_text][vc_empty_space height=&#8221;40px&#8221;][\/vc_column][vc_column offset=&#8221;vc_col-lg-4 vc_col-md-4 vc_col-xs-12&#8243; css=&#8221;.vc_custom_1474210785130{margin-bottom: 50px !important;padding-right: 25px !important;padding-left: 25px !important;}&#8221;][vc_row_inner css=&#8221;.vc_custom_1474210891220{padding-right: 25px !important;padding-left: 25px&hellip;","og_url":"https:\/\/silviarodrigueznutrition.com\/pt-pt\/servicos\/nutricao-clinica\/","og_site_name":"Silvia Rodr\u00edguez","article_modified_time":"2024-05-03T06:39:58+00:00","og_image":[{"width":1500,"height":1000,"url":"https:\/\/silviarodrigueznutrition.com\/wp-content\/uploads\/2022\/08\/silvianutricion-imagen008.jpg","type":"image\/jpeg"}],"twitter_card":"summary_large_image","twitter_misc":{"Tempo estimado de leitura":"2 minutos"},"schema":{"@context":"https:\/\/schema.org","@graph":[{"@type":"WebPage","@id":"https:\/\/silviarodrigueznutrition.com\/pt-pt\/servicos\/nutricao-clinica\/","url":"https:\/\/silviarodrigueznutrition.com\/pt-pt\/servicos\/nutricao-clinica\/","name":"Nutri\u00e7\u00e3o cl\u00ednica - Silvia Rodr\u00edguez","isPartOf":{"@id":"https:\/\/silviarodrigueznutrition.com\/pt-pt\/#website"},"primaryImageOfPage":{"@id":"https:\/\/silviarodrigueznutrition.com\/pt-pt\/servicos\/nutricao-clinica\/#primaryimage"},"image":{"@id":"https:\/\/silviarodrigueznutrition.com\/pt-pt\/servicos\/nutricao-clinica\/#primaryimage"},"thumbnailUrl":"https:\/\/silviarodrigueznutrition.com\/wp-content\/uploads\/2022\/08\/silvianutricion-imagen008.jpg","datePublished":"2022-09-15T03:44:46+00:00","dateModified":"2024-05-03T06:39:58+00:00","breadcrumb":{"@id":"https:\/\/silviarodrigueznutrition.com\/pt-pt\/servicos\/nutricao-clinica\/#breadcrumb"},"inLanguage":"pt-PT","potentialAction":[{"@type":"ReadAction","target":["https:\/\/silviarodrigueznutrition.com\/pt-pt\/servicos\/nutricao-clinica\/"]}]},{"@type":"ImageObject","inLanguage":"pt-PT","@id":"https:\/\/silviarodrigueznutrition.com\/pt-pt\/servicos\/nutricao-clinica\/#primaryimage","url":"https:\/\/silviarodrigueznutrition.com\/wp-content\/uploads\/2022\/08\/silvianutricion-imagen008.jpg","contentUrl":"https:\/\/silviarodrigueznutrition.com\/wp-content\/uploads\/2022\/08\/silvianutricion-imagen008.jpg","width":1500,"height":1000},{"@type":"BreadcrumbList","@id":"https:\/\/silviarodrigueznutrition.com\/pt-pt\/servicos\/nutricao-clinica\/#breadcrumb","itemListElement":[{"@type":"ListItem","position":1,"name":"Portada","item":"https:\/\/silviarodrigueznutrition.com\/pt-pt\/"},{"@type":"ListItem","position":2,"name":"Servi\u00e7os","item":"https:\/\/silviarodrigueznutrition.com\/pt-pt\/servicos\/"},{"@type":"ListItem","position":3,"name":"Nutri\u00e7\u00e3o cl\u00ednica"}]},{"@type":"WebSite","@id":"https:\/\/silviarodrigueznutrition.com\/pt-pt\/#website","url":"https:\/\/silviarodrigueznutrition.com\/pt-pt\/","name":"Silvia Rodr\u00edguez","description":"Nutrition","potentialAction":[{"@type":"SearchAction","target":{"@type":"EntryPoint","urlTemplate":"https:\/\/silviarodrigueznutrition.com\/pt-pt\/?s={search_term_string}"},"query-input":{"@type":"PropertyValueSpecification","valueRequired":true,"valueName":"search_term_string"}}],"inLanguage":"pt-PT"}]}},"_links":{"self":[{"href":"https:\/\/silviarodrigueznutrition.com\/pt-pt\/wp-json\/wp\/v2\/pages\/2877","targetHints":{"allow":["GET"]}}],"collection":[{"href":"https:\/\/silviarodrigueznutrition.com\/pt-pt\/wp-json\/wp\/v2\/pages"}],"about":[{"href":"https:\/\/silviarodrigueznutrition.com\/pt-pt\/wp-json\/wp\/v2\/types\/page"}],"author":[{"embeddable":true,"href":"https:\/\/silviarodrigueznutrition.com\/pt-pt\/wp-json\/wp\/v2\/users\/1"}],"replies":[{"embeddable":true,"href":"https:\/\/silviarodrigueznutrition.com\/pt-pt\/wp-json\/wp\/v2\/comments?post=2877"}],"version-history":[{"count":4,"href":"https:\/\/silviarodrigueznutrition.com\/pt-pt\/wp-json\/wp\/v2\/pages\/2877\/revisions"}],"predecessor-version":[{"id":3008,"href":"https:\/\/silviarodrigueznutrition.com\/pt-pt\/wp-json\/wp\/v2\/pages\/2877\/revisions\/3008"}],"up":[{"embeddable":true,"href":"https:\/\/silviarodrigueznutrition.com\/pt-pt\/wp-json\/wp\/v2\/pages\/2864"}],"wp:featuredmedia":[{"embeddable":true,"href":"https:\/\/silviarodrigueznutrition.com\/pt-pt\/wp-json\/wp\/v2\/media\/2756"}],"wp:attachment":[{"href":"https:\/\/silviarodrigueznutrition.com\/pt-pt\/wp-json\/wp\/v2\/media?parent=2877"}],"curies":[{"name":"wp","href":"https:\/\/api.w.org\/{rel}","templated":true}]}}