{"id":2861,"date":"2023-07-03T19:30:59","date_gmt":"2023-07-03T17:30:59","guid":{"rendered":"https:\/\/silviarodrigueznutrition.com\/?page_id=2861"},"modified":"2024-05-03T08:35:39","modified_gmt":"2024-05-03T06:35:39","slug":"nutricao-oncologica","status":"publish","type":"page","link":"https:\/\/silviarodrigueznutrition.com\/pt-pt\/servicos\/nutricao-oncologica\/","title":{"rendered":"Nutri\u00e7\u00e3o oncol\u00f3gica"},"content":{"rendered":"<div class=\"wpb-content-wrapper\"><p>[vc_row type=&#8221;vc_default&#8221; css=&#8221;.vc_custom_1474212455358{margin-bottom: -50px !important;}&#8221;][vc_column offset=&#8221;vc_col-lg-8 vc_col-md-8 vc_col-xs-12&#8243; css=&#8221;.vc_custom_1474210659519{margin-bottom: 50px !important;padding-right: 25px !important;padding-left: 25px !important;}&#8221;][vc_single_image image=&#8221;2222&#8243; img_size=&#8221;1200&#215;675&#8243; alignment=&#8221;center&#8221; css=&#8221;.vc_custom_1688405126925{margin-bottom: 35px !important;}&#8221;]<div id=\"ultimate-heading-132569e886fc76539\" class=\"uvc-heading ult-adjust-bottom-margin ultimate-heading-132569e886fc76539 uvc-4125  uvc-heading-default-font-sizes\" data-hspacer=\"no_spacer\"  data-halign=\"left\" style=\"text-align:left\"><div class=\"uvc-heading-spacer no_spacer\" style=\"top\"><\/div><div class=\"uvc-main-heading ult-responsive\"  data-ultimate-target='.uvc-heading.ultimate-heading-132569e886fc76539 h2'  data-responsive-json-new='{\"font-size\":\"\",\"line-height\":\"\"}' ><h2 style=\"font-weight:bold;margin-bottom:20px;\">Nutri\u00e7\u00e3o oncol\u00f3gica<\/h2><\/div><\/div>[vc_column_text]Aqui est\u00e3o as informa\u00e7\u00f5es mais importantes sobre o que \u00e9 a nutri\u00e7\u00e3o oncol\u00f3gica e como utiliz\u00e1-la:<br \/>\n[\/vc_column_text][vc_column_text]<strong>Nutri\u00e7\u00e3o individualizada:<\/strong> a nutri\u00e7\u00e3o oncol\u00f3gica \u00e9 uma nutri\u00e7\u00e3o adaptada \u00e0s necessidades individuais de cada doente, tendo em conta o tipo de cancro, o tratamento recebido e as condi\u00e7\u00f5es espec\u00edficas de cada pessoa. Um nutricionista dietista especializado em oncologia pode avaliar o estado nutricional do doente e conceber um plano alimentar personalizado.[\/vc_column_text][vc_column_text]<strong>Manter um peso saud\u00e1vel:<\/strong> \u00c9 essencial manter um peso corporal adequado durante o tratamento do cancro. A perda de peso excessiva e o aumento de peso podem ser prejudiciais. O nutricionista pode ajudar a definir objectivos de peso realistas e recomendar uma dieta equilibrada que forne\u00e7a os nutrientes necess\u00e1rios para manter uma nutri\u00e7\u00e3o \u00f3ptima.<\/p>\n<p>[\/vc_column_text][vc_column_text]<strong>Gest\u00e3o dos efeitos secund\u00e1rios do tratamento: <\/strong>A nutri\u00e7\u00e3o oncol\u00f3gica pode ajudar a gerir os efeitos secund\u00e1rios comuns do tratamento do cancro, como a perda de apetite, n\u00e1useas e v\u00f3mitos, diarreia e dificuldade em engolir. Alimentos e suplementos espec\u00edficos, bem como ajustes na textura e consist\u00eancia dos alimentos, podem ser recomendados para aliviar estes sintomas e garantir a ingest\u00e3o adequada de nutrientes.<br \/>\n[\/vc_column_text][vc_column_text]<strong>Nutrientes espec\u00edficos e suplementa\u00e7\u00e3o:<\/strong> Os nutrientes espec\u00edficos podem desempenhar um papel importante na nutri\u00e7\u00e3o oncol\u00f3gica. Por exemplo, as prote\u00ednas s\u00e3o essenciais para ajudar a manter e reparar os tecidos do corpo, enquanto os antioxidantes podem ter propriedades protectoras contra os danos celulares. Em certos casos, podem ser necess\u00e1rios suplementos nutricionais para garantir uma ingest\u00e3o adequada de nutrientes.[\/vc_column_text][vc_column_text]<strong>Monitoriza\u00e7\u00e3o e adapta\u00e7\u00e3o do plano nutricional:<\/strong> \u00c0 medida que o tratamento progride, as necessidades nutricionais do doente podem alterar-se. O acompanhamento regular com o nutricionista oncol\u00f3gico \u00e9 importante para avaliar a efic\u00e1cia do plano nutricional e efetuar os ajustes necess\u00e1rios. O apoio cont\u00ednuo e a comunica\u00e7\u00e3o aberta s\u00e3o essenciais para garantir uma nutri\u00e7\u00e3o adequada durante todo o processo de tratamento do cancro.[\/vc_column_text][vc_column_text]Por todas estas raz\u00f5es, a nutri\u00e7\u00e3o \u00e9 mais um aspeto a ter em conta na doen\u00e7a oncol\u00f3gica. Devemos salientar a sua import\u00e2ncia tanto do ponto de vista da preven\u00e7\u00e3o como ao longo de todo o processo de tratamento, quer se trate de quimioterapia, cirurgia, radioterapia, imunoterapia ou terapia hormonal.<\/p>\n<p>Uma vez que se trata de um dom\u00ednio complexo, \u00e9 sempre melhor ter uma orienta\u00e7\u00e3o e um apoio personalizados para obter a melhor abordagem nutricional poss\u00edvel.[\/vc_column_text][vc_empty_space height=&#8221;40px&#8221;][\/vc_column][vc_column offset=&#8221;vc_col-lg-4 vc_col-md-4 vc_col-xs-12&#8243; css=&#8221;.vc_custom_1474210785130{margin-bottom: 50px !important;padding-right: 25px !important;padding-left: 25px !important;}&#8221;][vc_row_inner css=&#8221;.vc_custom_1474210891220{padding-right: 25px !important;padding-left: 25px !important;}&#8221;][vc_column_inner css=&#8221;.vc_custom_1474211073851{padding-top: 30px !important;padding-right: 30px !important;padding-bottom: 15px !important;padding-left: 30px !important;background-color: #f4f4f4 !important;}&#8221;]<div id=\"ultimate-heading-163169e886fc765c0\" class=\"uvc-heading ult-adjust-bottom-margin ultimate-heading-163169e886fc765c0 uvc-5357  uvc-heading-default-font-sizes\" data-hspacer=\"no_spacer\"  data-halign=\"left\" style=\"text-align:left\"><div class=\"uvc-heading-spacer no_spacer\" style=\"top\"><\/div><div class=\"uvc-main-heading ult-responsive\"  data-ultimate-target='.uvc-heading.ultimate-heading-163169e886fc765c0 h3'  data-responsive-json-new='{\"font-size\":\"\",\"line-height\":\"\"}' ><h3 style=\"font-weight:bold;margin-bottom:20px;\">Meus servi\u00e7os<\/h3><\/div><\/div>[vc_wp_custommenu nav_menu=&#8221;43&#8243;][\/vc_column_inner][vc_column_inner css=&#8221;.vc_custom_1474210997759{margin-top: 30px !important;padding-top: 30px !important;padding-right: 30px !important;padding-bottom: 20px !important;padding-left: 30px !important;background-color: #f4f4f4 !important;}&#8221;]<div id=\"ultimate-heading-400069e886fc76619\" class=\"uvc-heading ult-adjust-bottom-margin ultimate-heading-400069e886fc76619 uvc-2849  uvc-heading-default-font-sizes\" data-hspacer=\"no_spacer\"  data-halign=\"left\" style=\"text-align:left\"><div class=\"uvc-heading-spacer no_spacer\" style=\"top\"><\/div><div class=\"uvc-main-heading ult-responsive\"  data-ultimate-target='.uvc-heading.ultimate-heading-400069e886fc76619 h3'  data-responsive-json-new='{\"font-size\":\"\",\"line-height\":\"\"}' ><h3 style=\"font-weight:bold;margin-bottom:20px;\">Marque uma consulta<\/h3><\/div><\/div>[vc_column_text css=&#8221;.vc_custom_1714635562427{padding-bottom: 25px !important;}&#8221;]Posso ajud\u00e1-lo a melhorar sua sa\u00fade e seus h\u00e1bitos alimentares e nutricionais.[\/vc_column_text]<style type=\"text\/css\" data-type=\"the7_shortcodes-inline-css\">#default-btn-43b955f96a6abe7d87e508ca2aa23709.ico-right-side > i {\n  margin-right: 0px;\n  margin-left: 8px;\n}\n#default-btn-43b955f96a6abe7d87e508ca2aa23709 > i {\n  margin-right: 8px;\n}\n<\/style><div class=\"btn-align-center\"><a href=\"https:\/\/silviarodrigueznutrition.com\/pt-pt\/consulta-online\/\" class=\"default-btn-shortcode dt-btn dt-btn-l link-hover-off full-width-btn \" id=\"default-btn-43b955f96a6abe7d87e508ca2aa23709\"><i class=\"icomoon-brankic-32x32-calendar2\"><\/i><span>Marque seu hor\u00e1rio agora mesmo!<\/span><\/a><\/div>[vc_empty_space height=&#8221;20px&#8221;][\/vc_column_inner][\/vc_row_inner][\/vc_column][\/vc_row]<\/p>\n<\/div>","protected":false},"excerpt":{"rendered":"<p>[vc_row type=&#8221;vc_default&#8221; css=&#8221;.vc_custom_1474212455358{margin-bottom: -50px !important;}&#8221;][vc_column offset=&#8221;vc_col-lg-8 vc_col-md-8 vc_col-xs-12&#8243; css=&#8221;.vc_custom_1474210659519{margin-bottom: 50px !important;padding-right: 25px !important;padding-left: 25px !important;}&#8221;][vc_single_image image=&#8221;2222&#8243; img_size=&#8221;1200&#215;675&#8243; alignment=&#8221;center&#8221; css=&#8221;.vc_custom_1688405126925{margin-bottom: 35px !important;}&#8221;][vc_column_text]Aqui est\u00e3o as informa\u00e7\u00f5es mais importantes sobre o que \u00e9 a nutri\u00e7\u00e3o oncol\u00f3gica e como utiliz\u00e1-la: [\/vc_column_text][vc_column_text]Nutri\u00e7\u00e3o individualizada: a nutri\u00e7\u00e3o oncol\u00f3gica \u00e9 uma nutri\u00e7\u00e3o adaptada \u00e0s necessidades individuais de cada doente, tendo em conta o&hellip;<\/p>\n","protected":false},"author":1,"featured_media":2821,"parent":2864,"menu_order":0,"comment_status":"closed","ping_status":"closed","template":"","meta":{"_acf_changed":false,"footnotes":""},"class_list":["post-2861","page","type-page","status-publish","has-post-thumbnail","hentry","description-off"],"acf":[],"yoast_head":"<!-- This site is optimized with the Yoast SEO plugin v25.5 - https:\/\/yoast.com\/wordpress\/plugins\/seo\/ -->\n<title>Nutri\u00e7\u00e3o oncol\u00f3gica - Silvia Rodr\u00edguez<\/title>\n<meta name=\"robots\" content=\"index, follow, max-snippet:-1, max-image-preview:large, max-video-preview:-1\" \/>\n<link rel=\"canonical\" href=\"https:\/\/silviarodrigueznutrition.com\/pt-pt\/servicos\/nutricao-oncologica\/\" \/>\n<meta property=\"og:locale\" content=\"pt_PT\" \/>\n<meta property=\"og:type\" content=\"article\" \/>\n<meta property=\"og:title\" content=\"Nutri\u00e7\u00e3o oncol\u00f3gica - Silvia Rodr\u00edguez\" \/>\n<meta property=\"og:description\" content=\"[vc_row type=&#8221;vc_default&#8221; css=&#8221;.vc_custom_1474212455358{margin-bottom: -50px !important;}&#8221;][vc_column offset=&#8221;vc_col-lg-8 vc_col-md-8 vc_col-xs-12&#8243; css=&#8221;.vc_custom_1474210659519{margin-bottom: 50px !important;padding-right: 25px !important;padding-left: 25px !important;}&#8221;][vc_single_image image=&#8221;2222&#8243; img_size=&#8221;1200&#215;675&#8243; alignment=&#8221;center&#8221; css=&#8221;.vc_custom_1688405126925{margin-bottom: 35px !important;}&#8221;][vc_column_text]Aqui est\u00e3o as informa\u00e7\u00f5es mais importantes sobre o que \u00e9 a nutri\u00e7\u00e3o oncol\u00f3gica e como utiliz\u00e1-la: [\/vc_column_text][vc_column_text]Nutri\u00e7\u00e3o individualizada: a nutri\u00e7\u00e3o oncol\u00f3gica \u00e9 uma nutri\u00e7\u00e3o adaptada \u00e0s necessidades individuais de cada doente, tendo em conta o&hellip;\" \/>\n<meta property=\"og:url\" content=\"https:\/\/silviarodrigueznutrition.com\/pt-pt\/servicos\/nutricao-oncologica\/\" \/>\n<meta property=\"og:site_name\" content=\"Silvia Rodr\u00edguez\" \/>\n<meta property=\"article:modified_time\" content=\"2024-05-03T06:35:39+00:00\" \/>\n<meta property=\"og:image\" content=\"https:\/\/silviarodrigueznutrition.com\/wp-content\/uploads\/2023\/07\/nutricion-oncologica-nutricionista-silvianutrition.jpg\" \/>\n\t<meta property=\"og:image:width\" content=\"1500\" \/>\n\t<meta property=\"og:image:height\" content=\"1000\" \/>\n\t<meta property=\"og:image:type\" content=\"image\/jpeg\" \/>\n<meta name=\"twitter:card\" content=\"summary_large_image\" \/>\n<meta name=\"twitter:label1\" content=\"Tempo estimado de leitura\" \/>\n\t<meta name=\"twitter:data1\" content=\"4 minutos\" \/>\n<script type=\"application\/ld+json\" class=\"yoast-schema-graph\">{\"@context\":\"https:\/\/schema.org\",\"@graph\":[{\"@type\":\"WebPage\",\"@id\":\"https:\/\/silviarodrigueznutrition.com\/pt-pt\/servicos\/nutricao-oncologica\/\",\"url\":\"https:\/\/silviarodrigueznutrition.com\/pt-pt\/servicos\/nutricao-oncologica\/\",\"name\":\"Nutri\u00e7\u00e3o oncol\u00f3gica - Silvia Rodr\u00edguez\",\"isPartOf\":{\"@id\":\"https:\/\/silviarodrigueznutrition.com\/pt-pt\/#website\"},\"primaryImageOfPage\":{\"@id\":\"https:\/\/silviarodrigueznutrition.com\/pt-pt\/servicos\/nutricao-oncologica\/#primaryimage\"},\"image\":{\"@id\":\"https:\/\/silviarodrigueznutrition.com\/pt-pt\/servicos\/nutricao-oncologica\/#primaryimage\"},\"thumbnailUrl\":\"https:\/\/silviarodrigueznutrition.com\/wp-content\/uploads\/2023\/07\/nutricion-oncologica-nutricionista-silvianutrition.jpg\",\"datePublished\":\"2023-07-03T17:30:59+00:00\",\"dateModified\":\"2024-05-03T06:35:39+00:00\",\"breadcrumb\":{\"@id\":\"https:\/\/silviarodrigueznutrition.com\/pt-pt\/servicos\/nutricao-oncologica\/#breadcrumb\"},\"inLanguage\":\"pt-PT\",\"potentialAction\":[{\"@type\":\"ReadAction\",\"target\":[\"https:\/\/silviarodrigueznutrition.com\/pt-pt\/servicos\/nutricao-oncologica\/\"]}]},{\"@type\":\"ImageObject\",\"inLanguage\":\"pt-PT\",\"@id\":\"https:\/\/silviarodrigueznutrition.com\/pt-pt\/servicos\/nutricao-oncologica\/#primaryimage\",\"url\":\"https:\/\/silviarodrigueznutrition.com\/wp-content\/uploads\/2023\/07\/nutricion-oncologica-nutricionista-silvianutrition.jpg\",\"contentUrl\":\"https:\/\/silviarodrigueznutrition.com\/wp-content\/uploads\/2023\/07\/nutricion-oncologica-nutricionista-silvianutrition.jpg\",\"width\":1500,\"height\":1000,\"caption\":\"Nutrici\u00f3n Oncol\u00f3gica\"},{\"@type\":\"BreadcrumbList\",\"@id\":\"https:\/\/silviarodrigueznutrition.com\/pt-pt\/servicos\/nutricao-oncologica\/#breadcrumb\",\"itemListElement\":[{\"@type\":\"ListItem\",\"position\":1,\"name\":\"Portada\",\"item\":\"https:\/\/silviarodrigueznutrition.com\/pt-pt\/\"},{\"@type\":\"ListItem\",\"position\":2,\"name\":\"Servi\u00e7os\",\"item\":\"https:\/\/silviarodrigueznutrition.com\/pt-pt\/servicos\/\"},{\"@type\":\"ListItem\",\"position\":3,\"name\":\"Nutri\u00e7\u00e3o oncol\u00f3gica\"}]},{\"@type\":\"WebSite\",\"@id\":\"https:\/\/silviarodrigueznutrition.com\/pt-pt\/#website\",\"url\":\"https:\/\/silviarodrigueznutrition.com\/pt-pt\/\",\"name\":\"Silvia Rodr\u00edguez\",\"description\":\"Nutrition\",\"potentialAction\":[{\"@type\":\"SearchAction\",\"target\":{\"@type\":\"EntryPoint\",\"urlTemplate\":\"https:\/\/silviarodrigueznutrition.com\/pt-pt\/?s={search_term_string}\"},\"query-input\":{\"@type\":\"PropertyValueSpecification\",\"valueRequired\":true,\"valueName\":\"search_term_string\"}}],\"inLanguage\":\"pt-PT\"}]}<\/script>\n<!-- \/ Yoast SEO plugin. -->","yoast_head_json":{"title":"Nutri\u00e7\u00e3o oncol\u00f3gica - Silvia Rodr\u00edguez","robots":{"index":"index","follow":"follow","max-snippet":"max-snippet:-1","max-image-preview":"max-image-preview:large","max-video-preview":"max-video-preview:-1"},"canonical":"https:\/\/silviarodrigueznutrition.com\/pt-pt\/servicos\/nutricao-oncologica\/","og_locale":"pt_PT","og_type":"article","og_title":"Nutri\u00e7\u00e3o oncol\u00f3gica - Silvia Rodr\u00edguez","og_description":"[vc_row type=&#8221;vc_default&#8221; css=&#8221;.vc_custom_1474212455358{margin-bottom: -50px !important;}&#8221;][vc_column offset=&#8221;vc_col-lg-8 vc_col-md-8 vc_col-xs-12&#8243; css=&#8221;.vc_custom_1474210659519{margin-bottom: 50px !important;padding-right: 25px !important;padding-left: 25px !important;}&#8221;][vc_single_image image=&#8221;2222&#8243; img_size=&#8221;1200&#215;675&#8243; alignment=&#8221;center&#8221; css=&#8221;.vc_custom_1688405126925{margin-bottom: 35px !important;}&#8221;][vc_column_text]Aqui est\u00e3o as informa\u00e7\u00f5es mais importantes sobre o que \u00e9 a nutri\u00e7\u00e3o oncol\u00f3gica e como utiliz\u00e1-la: [\/vc_column_text][vc_column_text]Nutri\u00e7\u00e3o individualizada: a nutri\u00e7\u00e3o oncol\u00f3gica \u00e9 uma nutri\u00e7\u00e3o adaptada \u00e0s necessidades individuais de cada doente, tendo em conta o&hellip;","og_url":"https:\/\/silviarodrigueznutrition.com\/pt-pt\/servicos\/nutricao-oncologica\/","og_site_name":"Silvia Rodr\u00edguez","article_modified_time":"2024-05-03T06:35:39+00:00","og_image":[{"width":1500,"height":1000,"url":"https:\/\/silviarodrigueznutrition.com\/wp-content\/uploads\/2023\/07\/nutricion-oncologica-nutricionista-silvianutrition.jpg","type":"image\/jpeg"}],"twitter_card":"summary_large_image","twitter_misc":{"Tempo estimado de leitura":"4 minutos"},"schema":{"@context":"https:\/\/schema.org","@graph":[{"@type":"WebPage","@id":"https:\/\/silviarodrigueznutrition.com\/pt-pt\/servicos\/nutricao-oncologica\/","url":"https:\/\/silviarodrigueznutrition.com\/pt-pt\/servicos\/nutricao-oncologica\/","name":"Nutri\u00e7\u00e3o oncol\u00f3gica - Silvia Rodr\u00edguez","isPartOf":{"@id":"https:\/\/silviarodrigueznutrition.com\/pt-pt\/#website"},"primaryImageOfPage":{"@id":"https:\/\/silviarodrigueznutrition.com\/pt-pt\/servicos\/nutricao-oncologica\/#primaryimage"},"image":{"@id":"https:\/\/silviarodrigueznutrition.com\/pt-pt\/servicos\/nutricao-oncologica\/#primaryimage"},"thumbnailUrl":"https:\/\/silviarodrigueznutrition.com\/wp-content\/uploads\/2023\/07\/nutricion-oncologica-nutricionista-silvianutrition.jpg","datePublished":"2023-07-03T17:30:59+00:00","dateModified":"2024-05-03T06:35:39+00:00","breadcrumb":{"@id":"https:\/\/silviarodrigueznutrition.com\/pt-pt\/servicos\/nutricao-oncologica\/#breadcrumb"},"inLanguage":"pt-PT","potentialAction":[{"@type":"ReadAction","target":["https:\/\/silviarodrigueznutrition.com\/pt-pt\/servicos\/nutricao-oncologica\/"]}]},{"@type":"ImageObject","inLanguage":"pt-PT","@id":"https:\/\/silviarodrigueznutrition.com\/pt-pt\/servicos\/nutricao-oncologica\/#primaryimage","url":"https:\/\/silviarodrigueznutrition.com\/wp-content\/uploads\/2023\/07\/nutricion-oncologica-nutricionista-silvianutrition.jpg","contentUrl":"https:\/\/silviarodrigueznutrition.com\/wp-content\/uploads\/2023\/07\/nutricion-oncologica-nutricionista-silvianutrition.jpg","width":1500,"height":1000,"caption":"Nutrici\u00f3n Oncol\u00f3gica"},{"@type":"BreadcrumbList","@id":"https:\/\/silviarodrigueznutrition.com\/pt-pt\/servicos\/nutricao-oncologica\/#breadcrumb","itemListElement":[{"@type":"ListItem","position":1,"name":"Portada","item":"https:\/\/silviarodrigueznutrition.com\/pt-pt\/"},{"@type":"ListItem","position":2,"name":"Servi\u00e7os","item":"https:\/\/silviarodrigueznutrition.com\/pt-pt\/servicos\/"},{"@type":"ListItem","position":3,"name":"Nutri\u00e7\u00e3o oncol\u00f3gica"}]},{"@type":"WebSite","@id":"https:\/\/silviarodrigueznutrition.com\/pt-pt\/#website","url":"https:\/\/silviarodrigueznutrition.com\/pt-pt\/","name":"Silvia Rodr\u00edguez","description":"Nutrition","potentialAction":[{"@type":"SearchAction","target":{"@type":"EntryPoint","urlTemplate":"https:\/\/silviarodrigueznutrition.com\/pt-pt\/?s={search_term_string}"},"query-input":{"@type":"PropertyValueSpecification","valueRequired":true,"valueName":"search_term_string"}}],"inLanguage":"pt-PT"}]}},"_links":{"self":[{"href":"https:\/\/silviarodrigueznutrition.com\/pt-pt\/wp-json\/wp\/v2\/pages\/2861","targetHints":{"allow":["GET"]}}],"collection":[{"href":"https:\/\/silviarodrigueznutrition.com\/pt-pt\/wp-json\/wp\/v2\/pages"}],"about":[{"href":"https:\/\/silviarodrigueznutrition.com\/pt-pt\/wp-json\/wp\/v2\/types\/page"}],"author":[{"embeddable":true,"href":"https:\/\/silviarodrigueznutrition.com\/pt-pt\/wp-json\/wp\/v2\/users\/1"}],"replies":[{"embeddable":true,"href":"https:\/\/silviarodrigueznutrition.com\/pt-pt\/wp-json\/wp\/v2\/comments?post=2861"}],"version-history":[{"count":5,"href":"https:\/\/silviarodrigueznutrition.com\/pt-pt\/wp-json\/wp\/v2\/pages\/2861\/revisions"}],"predecessor-version":[{"id":3001,"href":"https:\/\/silviarodrigueznutrition.com\/pt-pt\/wp-json\/wp\/v2\/pages\/2861\/revisions\/3001"}],"up":[{"embeddable":true,"href":"https:\/\/silviarodrigueznutrition.com\/pt-pt\/wp-json\/wp\/v2\/pages\/2864"}],"wp:featuredmedia":[{"embeddable":true,"href":"https:\/\/silviarodrigueznutrition.com\/pt-pt\/wp-json\/wp\/v2\/media\/2821"}],"wp:attachment":[{"href":"https:\/\/silviarodrigueznutrition.com\/pt-pt\/wp-json\/wp\/v2\/media?parent=2861"}],"curies":[{"name":"wp","href":"https:\/\/api.w.org\/{rel}","templated":true}]}}