{"id":2292,"date":"2023-07-20T09:00:15","date_gmt":"2023-07-20T07:00:15","guid":{"rendered":"https:\/\/silviarodrigueznutrition.com\/?post_type=product&#038;p=2292"},"modified":"2025-05-05T12:28:05","modified_gmt":"2025-05-05T10:28:05","slug":"consultation-en-face-a-face","status":"publish","type":"product","link":"https:\/\/silviarodrigueznutrition.com\/fr\/producto\/consultation-en-face-a-face\/","title":{"rendered":"Consultation en face \u00e0 face"},"content":{"rendered":"","protected":false},"excerpt":{"rendered":"","protected":false},"featured_media":1625,"comment_status":"closed","ping_status":"closed","template":"","meta":{"_acf_changed":false},"product_brand":[],"product_cat":[39],"product_tag":[],"class_list":{"0":"post-2292","1":"product","2":"type-product","3":"status-publish","4":"has-post-thumbnail","6":"product_cat-nutrition-et-dietetique","7":"description-off","9":"first","10":"instock","11":"virtual","12":"sold-individually","13":"taxable","14":"purchasable","15":"product-type-booking"},"exclude_global_add_ons":false,"addons":[{"name":"Consultation en face \u00e0 face","type":"multiple_choice","position":0,"required":false,"title_format":"label","default":"","description_enable":true,"description":"S\u00e9lectionnez le jour et le cr\u00e9neau horaire souhait\u00e9s pour votre consultation en personne. Paiement par carte de cr\u00e9dit le jour de la consultation.","placeholder_enable":false,"placeholder":"","display":"radiobutton","restrictions_type":"any_text","adjust_price":false,"price":"","price_type":"flat_fee","restrictions":false,"min":"0","max":"0","options":[{"label":"1\u00e8re consultation priv\u00e9e - 106\u20ac","price":"","price_type":"flat_fee","image":0},{"label":"2\u00e8me consultation priv\u00e9e - 132\u20ac","price":"","price_type":"flat_fee","image":0},{"label":"Consultations priv\u00e9es de suivi - 66\u20ac","price":"","price_type":"flat_fee","image":0},{"label":"Bon d'achat (5 consultations) - 390\u20ac","price":"","price_type":"flat_fee","image":0},{"label":"1\u00e8re consultation CNS - 106.14\u20ac","price":"","price_type":"flat_fee","image":0},{"label":"2\u00e8me consultation CNS - 132.68\u20ac","price":"","price_type":"flat_fee","image":0},{"label":"Suivi des consultations du CNS - 66.34\u20ac","price":"","price_type":"flat_fee","image":0}]}],"acf":[],"yoast_head":"<!-- This site is optimized with the Yoast SEO plugin v25.5 - https:\/\/yoast.com\/wordpress\/plugins\/seo\/ -->\n<title>Consultation en face \u00e0 face - Silvia Rodr\u00edguez<\/title>\n<meta name=\"robots\" content=\"index, follow, max-snippet:-1, max-image-preview:large, max-video-preview:-1\" \/>\n<link rel=\"canonical\" href=\"https:\/\/silviarodrigueznutrition.com\/fr\/producto\/consultation-en-face-a-face\/\" \/>\n<meta property=\"og:locale\" content=\"fr_FR\" \/>\n<meta property=\"og:type\" content=\"article\" \/>\n<meta property=\"og:title\" content=\"Consultation en face \u00e0 face - Silvia Rodr\u00edguez\" \/>\n<meta property=\"og:url\" content=\"https:\/\/silviarodrigueznutrition.com\/fr\/producto\/consultation-en-face-a-face\/\" \/>\n<meta property=\"og:site_name\" content=\"Silvia Rodr\u00edguez\" \/>\n<meta property=\"article:modified_time\" content=\"2025-05-05T10:28:05+00:00\" \/>\n<meta property=\"og:image\" content=\"https:\/\/silviarodrigueznutrition.com\/wp-content\/uploads\/2022\/08\/nutricionistaonlinesilviarodriguez.jpg\" \/>\n\t<meta property=\"og:image:width\" content=\"1200\" \/>\n\t<meta property=\"og:image:height\" content=\"1200\" \/>\n\t<meta property=\"og:image:type\" content=\"image\/jpeg\" \/>\n<meta name=\"twitter:card\" content=\"summary_large_image\" \/>\n<script type=\"application\/ld+json\" class=\"yoast-schema-graph\">{\"@context\":\"https:\/\/schema.org\",\"@graph\":[{\"@type\":\"WebPage\",\"@id\":\"https:\/\/silviarodrigueznutrition.com\/fr\/producto\/consultation-en-face-a-face\/\",\"url\":\"https:\/\/silviarodrigueznutrition.com\/fr\/producto\/consultation-en-face-a-face\/\",\"name\":\"Consultation en face \u00e0 face - Silvia Rodr\u00edguez\",\"isPartOf\":{\"@id\":\"https:\/\/silviarodrigueznutrition.com\/fr\/#website\"},\"primaryImageOfPage\":{\"@id\":\"https:\/\/silviarodrigueznutrition.com\/fr\/producto\/consultation-en-face-a-face\/#primaryimage\"},\"image\":{\"@id\":\"https:\/\/silviarodrigueznutrition.com\/fr\/producto\/consultation-en-face-a-face\/#primaryimage\"},\"thumbnailUrl\":\"https:\/\/silviarodrigueznutrition.com\/wp-content\/uploads\/2022\/08\/nutricionistaonlinesilviarodriguez.jpg\",\"datePublished\":\"2023-07-20T07:00:15+00:00\",\"dateModified\":\"2025-05-05T10:28:05+00:00\",\"breadcrumb\":{\"@id\":\"https:\/\/silviarodrigueznutrition.com\/fr\/producto\/consultation-en-face-a-face\/#breadcrumb\"},\"inLanguage\":\"fr-FR\",\"potentialAction\":[{\"@type\":\"ReadAction\",\"target\":[\"https:\/\/silviarodrigueznutrition.com\/fr\/producto\/consultation-en-face-a-face\/\"]}]},{\"@type\":\"ImageObject\",\"inLanguage\":\"fr-FR\",\"@id\":\"https:\/\/silviarodrigueznutrition.com\/fr\/producto\/consultation-en-face-a-face\/#primaryimage\",\"url\":\"https:\/\/silviarodrigueznutrition.com\/wp-content\/uploads\/2022\/08\/nutricionistaonlinesilviarodriguez.jpg\",\"contentUrl\":\"https:\/\/silviarodrigueznutrition.com\/wp-content\/uploads\/2022\/08\/nutricionistaonlinesilviarodriguez.jpg\",\"width\":1200,\"height\":1200},{\"@type\":\"BreadcrumbList\",\"@id\":\"https:\/\/silviarodrigueznutrition.com\/fr\/producto\/consultation-en-face-a-face\/#breadcrumb\",\"itemListElement\":[{\"@type\":\"ListItem\",\"position\":1,\"name\":\"Portada\",\"item\":\"https:\/\/silviarodrigueznutrition.com\/fr\/\"},{\"@type\":\"ListItem\",\"position\":2,\"name\":\"Tienda\",\"item\":\"https:\/\/silviarodrigueznutrition.com\/tienda\/\"},{\"@type\":\"ListItem\",\"position\":3,\"name\":\"Consultation en face \u00e0 face\"}]},{\"@type\":\"WebSite\",\"@id\":\"https:\/\/silviarodrigueznutrition.com\/fr\/#website\",\"url\":\"https:\/\/silviarodrigueznutrition.com\/fr\/\",\"name\":\"Silvia Rodr\u00edguez\",\"description\":\"Nutrition\",\"potentialAction\":[{\"@type\":\"SearchAction\",\"target\":{\"@type\":\"EntryPoint\",\"urlTemplate\":\"https:\/\/silviarodrigueznutrition.com\/fr\/?s={search_term_string}\"},\"query-input\":{\"@type\":\"PropertyValueSpecification\",\"valueRequired\":true,\"valueName\":\"search_term_string\"}}],\"inLanguage\":\"fr-FR\"}]}<\/script>\n<!-- \/ Yoast SEO plugin. -->","yoast_head_json":{"title":"Consultation en face \u00e0 face - Silvia Rodr\u00edguez","robots":{"index":"index","follow":"follow","max-snippet":"max-snippet:-1","max-image-preview":"max-image-preview:large","max-video-preview":"max-video-preview:-1"},"canonical":"https:\/\/silviarodrigueznutrition.com\/fr\/producto\/consultation-en-face-a-face\/","og_locale":"fr_FR","og_type":"article","og_title":"Consultation en face \u00e0 face - Silvia Rodr\u00edguez","og_url":"https:\/\/silviarodrigueznutrition.com\/fr\/producto\/consultation-en-face-a-face\/","og_site_name":"Silvia Rodr\u00edguez","article_modified_time":"2025-05-05T10:28:05+00:00","og_image":[{"width":1200,"height":1200,"url":"https:\/\/silviarodrigueznutrition.com\/wp-content\/uploads\/2022\/08\/nutricionistaonlinesilviarodriguez.jpg","type":"image\/jpeg"}],"twitter_card":"summary_large_image","schema":{"@context":"https:\/\/schema.org","@graph":[{"@type":"WebPage","@id":"https:\/\/silviarodrigueznutrition.com\/fr\/producto\/consultation-en-face-a-face\/","url":"https:\/\/silviarodrigueznutrition.com\/fr\/producto\/consultation-en-face-a-face\/","name":"Consultation en face \u00e0 face - Silvia Rodr\u00edguez","isPartOf":{"@id":"https:\/\/silviarodrigueznutrition.com\/fr\/#website"},"primaryImageOfPage":{"@id":"https:\/\/silviarodrigueznutrition.com\/fr\/producto\/consultation-en-face-a-face\/#primaryimage"},"image":{"@id":"https:\/\/silviarodrigueznutrition.com\/fr\/producto\/consultation-en-face-a-face\/#primaryimage"},"thumbnailUrl":"https:\/\/silviarodrigueznutrition.com\/wp-content\/uploads\/2022\/08\/nutricionistaonlinesilviarodriguez.jpg","datePublished":"2023-07-20T07:00:15+00:00","dateModified":"2025-05-05T10:28:05+00:00","breadcrumb":{"@id":"https:\/\/silviarodrigueznutrition.com\/fr\/producto\/consultation-en-face-a-face\/#breadcrumb"},"inLanguage":"fr-FR","potentialAction":[{"@type":"ReadAction","target":["https:\/\/silviarodrigueznutrition.com\/fr\/producto\/consultation-en-face-a-face\/"]}]},{"@type":"ImageObject","inLanguage":"fr-FR","@id":"https:\/\/silviarodrigueznutrition.com\/fr\/producto\/consultation-en-face-a-face\/#primaryimage","url":"https:\/\/silviarodrigueznutrition.com\/wp-content\/uploads\/2022\/08\/nutricionistaonlinesilviarodriguez.jpg","contentUrl":"https:\/\/silviarodrigueznutrition.com\/wp-content\/uploads\/2022\/08\/nutricionistaonlinesilviarodriguez.jpg","width":1200,"height":1200},{"@type":"BreadcrumbList","@id":"https:\/\/silviarodrigueznutrition.com\/fr\/producto\/consultation-en-face-a-face\/#breadcrumb","itemListElement":[{"@type":"ListItem","position":1,"name":"Portada","item":"https:\/\/silviarodrigueznutrition.com\/fr\/"},{"@type":"ListItem","position":2,"name":"Tienda","item":"https:\/\/silviarodrigueznutrition.com\/tienda\/"},{"@type":"ListItem","position":3,"name":"Consultation en face \u00e0 face"}]},{"@type":"WebSite","@id":"https:\/\/silviarodrigueznutrition.com\/fr\/#website","url":"https:\/\/silviarodrigueznutrition.com\/fr\/","name":"Silvia Rodr\u00edguez","description":"Nutrition","potentialAction":[{"@type":"SearchAction","target":{"@type":"EntryPoint","urlTemplate":"https:\/\/silviarodrigueznutrition.com\/fr\/?s={search_term_string}"},"query-input":{"@type":"PropertyValueSpecification","valueRequired":true,"valueName":"search_term_string"}}],"inLanguage":"fr-FR"}]}},"_links":{"self":[{"href":"https:\/\/silviarodrigueznutrition.com\/fr\/wp-json\/wp\/v2\/product\/2292","targetHints":{"allow":["GET"]}}],"collection":[{"href":"https:\/\/silviarodrigueznutrition.com\/fr\/wp-json\/wp\/v2\/product"}],"about":[{"href":"https:\/\/silviarodrigueznutrition.com\/fr\/wp-json\/wp\/v2\/types\/product"}],"replies":[{"embeddable":true,"href":"https:\/\/silviarodrigueznutrition.com\/fr\/wp-json\/wp\/v2\/comments?post=2292"}],"wp:featuredmedia":[{"embeddable":true,"href":"https:\/\/silviarodrigueznutrition.com\/fr\/wp-json\/wp\/v2\/media\/1625"}],"wp:attachment":[{"href":"https:\/\/silviarodrigueznutrition.com\/fr\/wp-json\/wp\/v2\/media?parent=2292"}],"wp:term":[{"taxonomy":"product_brand","embeddable":true,"href":"https:\/\/silviarodrigueznutrition.com\/fr\/wp-json\/wp\/v2\/product_brand?post=2292"},{"taxonomy":"product_cat","embeddable":true,"href":"https:\/\/silviarodrigueznutrition.com\/fr\/wp-json\/wp\/v2\/product_cat?post=2292"},{"taxonomy":"product_tag","embeddable":true,"href":"https:\/\/silviarodrigueznutrition.com\/fr\/wp-json\/wp\/v2\/product_tag?post=2292"}],"curies":[{"name":"wp","href":"https:\/\/api.w.org\/{rel}","templated":true}]}}