{"id":2247,"date":"2023-07-03T19:30:59","date_gmt":"2023-07-03T17:30:59","guid":{"rendered":"https:\/\/silviarodrigueznutrition.com\/?page_id=2247"},"modified":"2023-07-09T11:56:29","modified_gmt":"2023-07-09T09:56:29","slug":"nutrition-oncologique","status":"publish","type":"page","link":"https:\/\/silviarodrigueznutrition.com\/fr\/mes-services\/nutrition-oncologique\/","title":{"rendered":"Nutrition oncologique"},"content":{"rendered":"<div class=\"wpb-content-wrapper\"><p>[vc_row type=&#8221;vc_default&#8221; css=&#8221;.vc_custom_1474212455358{margin-bottom: -50px !important;}&#8221;][vc_column offset=&#8221;vc_col-lg-8 vc_col-md-8 vc_col-xs-12&#8243; css=&#8221;.vc_custom_1474210659519{margin-bottom: 50px !important;padding-right: 25px !important;padding-left: 25px !important;}&#8221;][vc_single_image image=&#8221;2222&#8243; img_size=&#8221;1200&#215;675&#8243; alignment=&#8221;center&#8221; css=&#8221;.vc_custom_1688405126925{margin-bottom: 35px !important;}&#8221;]<div id=\"ultimate-heading-583769d117b50e1b0\" class=\"uvc-heading ult-adjust-bottom-margin ultimate-heading-583769d117b50e1b0 uvc-5856  uvc-heading-default-font-sizes\" data-hspacer=\"no_spacer\"  data-halign=\"left\" style=\"text-align:left\"><div class=\"uvc-heading-spacer no_spacer\" style=\"top\"><\/div><div class=\"uvc-main-heading ult-responsive\"  data-ultimate-target='.uvc-heading.ultimate-heading-583769d117b50e1b0 h2'  data-responsive-json-new='{\"font-size\":\"\",\"line-height\":\"\"}' ><h2 style=\"font-weight:bold;margin-bottom:20px;\">Nutrition Oncologique<\/h2><\/div><\/div>[vc_column_text]Voici les points les plus importants sur ce qu&#8217;est la nutrition oncologique et comment l&#8217;utiliser:[\/vc_column_text][vc_column_text]<strong>Soutien nutritionnel individualis\u00e9:<\/strong> la nutrition oncologique est adapt\u00e9e aux besoins individuels de chaque patient, en tenant compte du type de cancer, du traitement re\u00e7u et des conditions sp\u00e9cifiques de chaque personne. Un di\u00e9t\u00e9ticien sp\u00e9cialis\u00e9 en oncologie peut \u00e9valuer l&#8217;\u00e9tat nutritionnel du patient et \u00e9laborer un plan alimentaire personnalis\u00e9.[\/vc_column_text][vc_column_text]<strong>Maintien d&#8217;un poids sain:<\/strong> il est essentiel de maintenir un poids corporel appropri\u00e9 pendant le traitement du cancer. Une perte ou une prise de poids excessive peut \u00eatre pr\u00e9judiciable. Le di\u00e9t\u00e9ticien peut aider \u00e0 fixer des objectifs r\u00e9alistes en mati\u00e8re de poids et recommander un r\u00e9gime \u00e9quilibr\u00e9 qui apporte les nutriments n\u00e9cessaires au maintien d&#8217;une nutrition optimale.[\/vc_column_text][vc_column_text]<strong>G\u00e9rer les effets secondaires du traitement:<\/strong> la nutrition oncologique peut aider \u00e0 g\u00e9rer les effets secondaires courants du traitement du cancer, tels que la perte d&#8217;app\u00e9tit, les naus\u00e9es et les vomissements, la diarrh\u00e9e et les difficult\u00e9s de d\u00e9glutition. Des aliments et des compl\u00e9ments sp\u00e9cifiques, ainsi que des ajustements de la texture et de la consistance des aliments, peuvent \u00eatre recommand\u00e9s pour soulager ces sympt\u00f4mes et assurer un apport ad\u00e9quat en nutriments.[\/vc_column_text][vc_column_text]<strong>Nutriments sp\u00e9cifiques et suppl\u00e9mentation:<\/strong> des nutriments sp\u00e9cifiques peuvent jouer un r\u00f4le important dans la nutrition oncologique. Par exemple, les prot\u00e9ines sont essentielles pour aider \u00e0 maintenir et \u00e0 r\u00e9parer les tissus de l&#8217;organisme, tandis que les antioxydants peuvent avoir des propri\u00e9t\u00e9s protectrices contre les dommages cellulaires. Dans certains cas, des suppl\u00e9ments nutritionnels peuvent \u00eatre n\u00e9cessaires pour assurer un apport ad\u00e9quat en nutriments.[\/vc_column_text][vc_column_text]<strong>Suivi et adaptation du plan nutritionnel:<\/strong> Au fur et \u00e0 mesure que le traitement progresse, les besoins nutritionnels du patient peuvent changer. Un suivi r\u00e9gulier avec le di\u00e9t\u00e9ticien nutritionniste en oncologie est important pour \u00e9valuer l&#8217;efficacit\u00e9 du plan nutritionnel et proc\u00e9der aux ajustements n\u00e9cessaires. Un soutien continu et une communication ouverte sont essentiels pour garantir une nutrition ad\u00e9quate tout au long du processus de traitement du cancer.[\/vc_column_text][vc_column_text]Pour toutes ces raisons, la nutrition est un aspect suppl\u00e9mentaire \u00e0 prendre en compte dans le cadre de la maladie oncologique. Il faut souligner son importance tant du point de vue de la pr\u00e9vention que tout au long du processus de traitement, qu&#8217;il s&#8217;agisse de chimioth\u00e9rapie, de chirurgie, de radioth\u00e9rapie, d&#8217;immunoth\u00e9rapie ou d&#8217;hormonoth\u00e9rapie.<\/p>\n<p>S&#8217;agissant d&#8217;un domaine complexe, il est toujours pr\u00e9f\u00e9rable de b\u00e9n\u00e9ficier d&#8217;un accompagnement personnalis\u00e9 pour obtenir la meilleure approche nutritionnelle possible.<br \/>\n[\/vc_column_text][vc_empty_space height=&#8221;40px&#8221;][\/vc_column][vc_column offset=&#8221;vc_col-lg-4 vc_col-md-4 vc_col-xs-12&#8243; css=&#8221;.vc_custom_1474210785130{margin-bottom: 50px !important;padding-right: 25px !important;padding-left: 25px !important;}&#8221;][vc_row_inner css=&#8221;.vc_custom_1474210891220{padding-right: 25px !important;padding-left: 25px !important;}&#8221;][vc_column_inner css=&#8221;.vc_custom_1474211073851{padding-top: 30px !important;padding-right: 30px !important;padding-bottom: 15px !important;padding-left: 30px !important;background-color: #f4f4f4 !important;}&#8221;]<div id=\"ultimate-heading-846369d117b50e288\" class=\"uvc-heading ult-adjust-bottom-margin ultimate-heading-846369d117b50e288 uvc-8370  uvc-heading-default-font-sizes\" data-hspacer=\"no_spacer\"  data-halign=\"left\" style=\"text-align:left\"><div class=\"uvc-heading-spacer no_spacer\" style=\"top\"><\/div><div class=\"uvc-main-heading ult-responsive\"  data-ultimate-target='.uvc-heading.ultimate-heading-846369d117b50e288 h3'  data-responsive-json-new='{\"font-size\":\"\",\"line-height\":\"\"}' ><h3 style=\"font-weight:bold;margin-bottom:20px;\">Mes Services<\/h3><\/div><\/div>[vc_widget_sidebar show_bg=&#8221;false&#8221; sidebar_id=&#8221;sidebar_4&#8243;][\/vc_column_inner][vc_column_inner css=&#8221;.vc_custom_1474210997759{margin-top: 30px !important;padding-top: 30px !important;padding-right: 30px !important;padding-bottom: 20px !important;padding-left: 30px !important;background-color: #f4f4f4 !important;}&#8221;]<div id=\"ultimate-heading-435969d117b50e329\" class=\"uvc-heading ult-adjust-bottom-margin ultimate-heading-435969d117b50e329 uvc-1929  uvc-heading-default-font-sizes\" data-hspacer=\"no_spacer\"  data-halign=\"left\" style=\"text-align:left\"><div class=\"uvc-heading-spacer no_spacer\" style=\"top\"><\/div><div class=\"uvc-main-heading ult-responsive\"  data-ultimate-target='.uvc-heading.ultimate-heading-435969d117b50e329 h3'  data-responsive-json-new='{\"font-size\":\"\",\"line-height\":\"\"}' ><h3 style=\"font-weight:bold;margin-bottom:20px;\">Prendre un rendez-vous<\/h3><\/div><\/div>[vc_column_text css=&#8221;.vc_custom_1688896071077{padding-bottom: 25px !important;}&#8221;]Je peux vous aider \u00e0 am\u00e9liorer votre sant\u00e9 et vos habitudes alimentaires et nutritionnelles.[\/vc_column_text]<style type=\"text\/css\" data-type=\"the7_shortcodes-inline-css\">#default-btn-8620730a24ca45b4def0c9ee59020d7d.ico-right-side > i {\n  margin-right: 0px;\n  margin-left: 8px;\n}\n#default-btn-8620730a24ca45b4def0c9ee59020d7d > i {\n  margin-right: 8px;\n}\n<\/style><div class=\"btn-align-center\"><a href=\"https:\/\/silviarodrigueznutrition.com\/consulta-nutricionista-online\/\" class=\"default-btn-shortcode dt-btn dt-btn-l link-hover-off full-width-btn \" id=\"default-btn-8620730a24ca45b4def0c9ee59020d7d\"><i class=\"icomoon-brankic-32x32-calendar2\"><\/i><span>Prenez votre rendez-vous d\u00e8s maintenant!<\/span><\/a><\/div>[vc_empty_space height=&#8221;20px&#8221;][\/vc_column_inner][\/vc_row_inner][\/vc_column][\/vc_row]<\/p>\n<\/div>","protected":false},"excerpt":{"rendered":"<p>[vc_row type=&#8221;vc_default&#8221; css=&#8221;.vc_custom_1474212455358{margin-bottom: -50px !important;}&#8221;][vc_column offset=&#8221;vc_col-lg-8 vc_col-md-8 vc_col-xs-12&#8243; css=&#8221;.vc_custom_1474210659519{margin-bottom: 50px !important;padding-right: 25px !important;padding-left: 25px !important;}&#8221;][vc_single_image image=&#8221;2222&#8243; img_size=&#8221;1200&#215;675&#8243; alignment=&#8221;center&#8221; css=&#8221;.vc_custom_1688405126925{margin-bottom: 35px !important;}&#8221;][vc_column_text]Voici les points les plus importants sur ce qu&#8217;est la nutrition oncologique et comment l&#8217;utiliser:[\/vc_column_text][vc_column_text]Soutien nutritionnel individualis\u00e9: la nutrition oncologique est adapt\u00e9e aux besoins individuels de chaque patient, en tenant compte du type de cancer,&hellip;<\/p>\n","protected":false},"author":1,"featured_media":2224,"parent":1862,"menu_order":0,"comment_status":"closed","ping_status":"closed","template":"","meta":{"_acf_changed":false,"footnotes":""},"class_list":["post-2247","page","type-page","status-publish","has-post-thumbnail","hentry","description-off"],"acf":[],"yoast_head":"<!-- This site is optimized with the Yoast SEO plugin v25.5 - https:\/\/yoast.com\/wordpress\/plugins\/seo\/ -->\n<title>Nutrition oncologique - Silvia Rodr\u00edguez<\/title>\n<meta name=\"robots\" content=\"index, follow, max-snippet:-1, max-image-preview:large, max-video-preview:-1\" \/>\n<link rel=\"canonical\" href=\"https:\/\/silviarodrigueznutrition.com\/fr\/mes-services\/nutrition-oncologique\/\" \/>\n<meta property=\"og:locale\" content=\"fr_FR\" \/>\n<meta property=\"og:type\" content=\"article\" \/>\n<meta property=\"og:title\" content=\"Nutrition oncologique - Silvia Rodr\u00edguez\" \/>\n<meta property=\"og:description\" content=\"[vc_row type=&#8221;vc_default&#8221; css=&#8221;.vc_custom_1474212455358{margin-bottom: -50px !important;}&#8221;][vc_column offset=&#8221;vc_col-lg-8 vc_col-md-8 vc_col-xs-12&#8243; css=&#8221;.vc_custom_1474210659519{margin-bottom: 50px !important;padding-right: 25px !important;padding-left: 25px !important;}&#8221;][vc_single_image image=&#8221;2222&#8243; img_size=&#8221;1200&#215;675&#8243; alignment=&#8221;center&#8221; css=&#8221;.vc_custom_1688405126925{margin-bottom: 35px !important;}&#8221;][vc_column_text]Voici les points les plus importants sur ce qu&#8217;est la nutrition oncologique et comment l&#8217;utiliser:[\/vc_column_text][vc_column_text]Soutien nutritionnel individualis\u00e9: la nutrition oncologique est adapt\u00e9e aux besoins individuels de chaque patient, en tenant compte du type de cancer,&hellip;\" \/>\n<meta property=\"og:url\" content=\"https:\/\/silviarodrigueznutrition.com\/fr\/mes-services\/nutrition-oncologique\/\" \/>\n<meta property=\"og:site_name\" content=\"Silvia Rodr\u00edguez\" \/>\n<meta property=\"article:modified_time\" content=\"2023-07-09T09:56:29+00:00\" \/>\n<meta property=\"og:image\" content=\"https:\/\/silviarodrigueznutrition.com\/wp-content\/uploads\/2023\/07\/nutricion-oncologica-nutricionista-silvianutrition.jpg\" \/>\n\t<meta property=\"og:image:width\" content=\"1500\" \/>\n\t<meta property=\"og:image:height\" content=\"1000\" \/>\n\t<meta property=\"og:image:type\" content=\"image\/jpeg\" \/>\n<meta name=\"twitter:card\" content=\"summary_large_image\" \/>\n<meta name=\"twitter:label1\" content=\"Dur\u00e9e de lecture estim\u00e9e\" \/>\n\t<meta name=\"twitter:data1\" content=\"4 minutes\" \/>\n<script type=\"application\/ld+json\" class=\"yoast-schema-graph\">{\"@context\":\"https:\/\/schema.org\",\"@graph\":[{\"@type\":\"WebPage\",\"@id\":\"https:\/\/silviarodrigueznutrition.com\/fr\/mes-services\/nutrition-oncologique\/\",\"url\":\"https:\/\/silviarodrigueznutrition.com\/fr\/mes-services\/nutrition-oncologique\/\",\"name\":\"Nutrition oncologique - Silvia Rodr\u00edguez\",\"isPartOf\":{\"@id\":\"https:\/\/silviarodrigueznutrition.com\/fr\/#website\"},\"primaryImageOfPage\":{\"@id\":\"https:\/\/silviarodrigueznutrition.com\/fr\/mes-services\/nutrition-oncologique\/#primaryimage\"},\"image\":{\"@id\":\"https:\/\/silviarodrigueznutrition.com\/fr\/mes-services\/nutrition-oncologique\/#primaryimage\"},\"thumbnailUrl\":\"https:\/\/silviarodrigueznutrition.com\/wp-content\/uploads\/2023\/07\/nutricion-oncologica-nutricionista-silvianutrition.jpg\",\"datePublished\":\"2023-07-03T17:30:59+00:00\",\"dateModified\":\"2023-07-09T09:56:29+00:00\",\"breadcrumb\":{\"@id\":\"https:\/\/silviarodrigueznutrition.com\/fr\/mes-services\/nutrition-oncologique\/#breadcrumb\"},\"inLanguage\":\"fr-FR\",\"potentialAction\":[{\"@type\":\"ReadAction\",\"target\":[\"https:\/\/silviarodrigueznutrition.com\/fr\/mes-services\/nutrition-oncologique\/\"]}]},{\"@type\":\"ImageObject\",\"inLanguage\":\"fr-FR\",\"@id\":\"https:\/\/silviarodrigueznutrition.com\/fr\/mes-services\/nutrition-oncologique\/#primaryimage\",\"url\":\"https:\/\/silviarodrigueznutrition.com\/wp-content\/uploads\/2023\/07\/nutricion-oncologica-nutricionista-silvianutrition.jpg\",\"contentUrl\":\"https:\/\/silviarodrigueznutrition.com\/wp-content\/uploads\/2023\/07\/nutricion-oncologica-nutricionista-silvianutrition.jpg\",\"width\":1500,\"height\":1000,\"caption\":\"Nutrici\u00f3n Oncol\u00f3gica\"},{\"@type\":\"BreadcrumbList\",\"@id\":\"https:\/\/silviarodrigueznutrition.com\/fr\/mes-services\/nutrition-oncologique\/#breadcrumb\",\"itemListElement\":[{\"@type\":\"ListItem\",\"position\":1,\"name\":\"Portada\",\"item\":\"https:\/\/silviarodrigueznutrition.com\/fr\/\"},{\"@type\":\"ListItem\",\"position\":2,\"name\":\"Mes Services\",\"item\":\"https:\/\/silviarodrigueznutrition.com\/fr\/mes-services\/\"},{\"@type\":\"ListItem\",\"position\":3,\"name\":\"Nutrition oncologique\"}]},{\"@type\":\"WebSite\",\"@id\":\"https:\/\/silviarodrigueznutrition.com\/fr\/#website\",\"url\":\"https:\/\/silviarodrigueznutrition.com\/fr\/\",\"name\":\"Silvia Rodr\u00edguez\",\"description\":\"Nutrition\",\"potentialAction\":[{\"@type\":\"SearchAction\",\"target\":{\"@type\":\"EntryPoint\",\"urlTemplate\":\"https:\/\/silviarodrigueznutrition.com\/fr\/?s={search_term_string}\"},\"query-input\":{\"@type\":\"PropertyValueSpecification\",\"valueRequired\":true,\"valueName\":\"search_term_string\"}}],\"inLanguage\":\"fr-FR\"}]}<\/script>\n<!-- \/ Yoast SEO plugin. -->","yoast_head_json":{"title":"Nutrition oncologique - Silvia Rodr\u00edguez","robots":{"index":"index","follow":"follow","max-snippet":"max-snippet:-1","max-image-preview":"max-image-preview:large","max-video-preview":"max-video-preview:-1"},"canonical":"https:\/\/silviarodrigueznutrition.com\/fr\/mes-services\/nutrition-oncologique\/","og_locale":"fr_FR","og_type":"article","og_title":"Nutrition oncologique - Silvia Rodr\u00edguez","og_description":"[vc_row type=&#8221;vc_default&#8221; css=&#8221;.vc_custom_1474212455358{margin-bottom: -50px !important;}&#8221;][vc_column offset=&#8221;vc_col-lg-8 vc_col-md-8 vc_col-xs-12&#8243; css=&#8221;.vc_custom_1474210659519{margin-bottom: 50px !important;padding-right: 25px !important;padding-left: 25px !important;}&#8221;][vc_single_image image=&#8221;2222&#8243; img_size=&#8221;1200&#215;675&#8243; alignment=&#8221;center&#8221; css=&#8221;.vc_custom_1688405126925{margin-bottom: 35px !important;}&#8221;][vc_column_text]Voici les points les plus importants sur ce qu&#8217;est la nutrition oncologique et comment l&#8217;utiliser:[\/vc_column_text][vc_column_text]Soutien nutritionnel individualis\u00e9: la nutrition oncologique est adapt\u00e9e aux besoins individuels de chaque patient, en tenant compte du type de cancer,&hellip;","og_url":"https:\/\/silviarodrigueznutrition.com\/fr\/mes-services\/nutrition-oncologique\/","og_site_name":"Silvia Rodr\u00edguez","article_modified_time":"2023-07-09T09:56:29+00:00","og_image":[{"width":1500,"height":1000,"url":"https:\/\/silviarodrigueznutrition.com\/wp-content\/uploads\/2023\/07\/nutricion-oncologica-nutricionista-silvianutrition.jpg","type":"image\/jpeg"}],"twitter_card":"summary_large_image","twitter_misc":{"Dur\u00e9e de lecture estim\u00e9e":"4 minutes"},"schema":{"@context":"https:\/\/schema.org","@graph":[{"@type":"WebPage","@id":"https:\/\/silviarodrigueznutrition.com\/fr\/mes-services\/nutrition-oncologique\/","url":"https:\/\/silviarodrigueznutrition.com\/fr\/mes-services\/nutrition-oncologique\/","name":"Nutrition oncologique - Silvia Rodr\u00edguez","isPartOf":{"@id":"https:\/\/silviarodrigueznutrition.com\/fr\/#website"},"primaryImageOfPage":{"@id":"https:\/\/silviarodrigueznutrition.com\/fr\/mes-services\/nutrition-oncologique\/#primaryimage"},"image":{"@id":"https:\/\/silviarodrigueznutrition.com\/fr\/mes-services\/nutrition-oncologique\/#primaryimage"},"thumbnailUrl":"https:\/\/silviarodrigueznutrition.com\/wp-content\/uploads\/2023\/07\/nutricion-oncologica-nutricionista-silvianutrition.jpg","datePublished":"2023-07-03T17:30:59+00:00","dateModified":"2023-07-09T09:56:29+00:00","breadcrumb":{"@id":"https:\/\/silviarodrigueznutrition.com\/fr\/mes-services\/nutrition-oncologique\/#breadcrumb"},"inLanguage":"fr-FR","potentialAction":[{"@type":"ReadAction","target":["https:\/\/silviarodrigueznutrition.com\/fr\/mes-services\/nutrition-oncologique\/"]}]},{"@type":"ImageObject","inLanguage":"fr-FR","@id":"https:\/\/silviarodrigueznutrition.com\/fr\/mes-services\/nutrition-oncologique\/#primaryimage","url":"https:\/\/silviarodrigueznutrition.com\/wp-content\/uploads\/2023\/07\/nutricion-oncologica-nutricionista-silvianutrition.jpg","contentUrl":"https:\/\/silviarodrigueznutrition.com\/wp-content\/uploads\/2023\/07\/nutricion-oncologica-nutricionista-silvianutrition.jpg","width":1500,"height":1000,"caption":"Nutrici\u00f3n Oncol\u00f3gica"},{"@type":"BreadcrumbList","@id":"https:\/\/silviarodrigueznutrition.com\/fr\/mes-services\/nutrition-oncologique\/#breadcrumb","itemListElement":[{"@type":"ListItem","position":1,"name":"Portada","item":"https:\/\/silviarodrigueznutrition.com\/fr\/"},{"@type":"ListItem","position":2,"name":"Mes Services","item":"https:\/\/silviarodrigueznutrition.com\/fr\/mes-services\/"},{"@type":"ListItem","position":3,"name":"Nutrition oncologique"}]},{"@type":"WebSite","@id":"https:\/\/silviarodrigueznutrition.com\/fr\/#website","url":"https:\/\/silviarodrigueznutrition.com\/fr\/","name":"Silvia Rodr\u00edguez","description":"Nutrition","potentialAction":[{"@type":"SearchAction","target":{"@type":"EntryPoint","urlTemplate":"https:\/\/silviarodrigueznutrition.com\/fr\/?s={search_term_string}"},"query-input":{"@type":"PropertyValueSpecification","valueRequired":true,"valueName":"search_term_string"}}],"inLanguage":"fr-FR"}]}},"_links":{"self":[{"href":"https:\/\/silviarodrigueznutrition.com\/fr\/wp-json\/wp\/v2\/pages\/2247","targetHints":{"allow":["GET"]}}],"collection":[{"href":"https:\/\/silviarodrigueznutrition.com\/fr\/wp-json\/wp\/v2\/pages"}],"about":[{"href":"https:\/\/silviarodrigueznutrition.com\/fr\/wp-json\/wp\/v2\/types\/page"}],"author":[{"embeddable":true,"href":"https:\/\/silviarodrigueznutrition.com\/fr\/wp-json\/wp\/v2\/users\/1"}],"replies":[{"embeddable":true,"href":"https:\/\/silviarodrigueznutrition.com\/fr\/wp-json\/wp\/v2\/comments?post=2247"}],"version-history":[{"count":2,"href":"https:\/\/silviarodrigueznutrition.com\/fr\/wp-json\/wp\/v2\/pages\/2247\/revisions"}],"predecessor-version":[{"id":2257,"href":"https:\/\/silviarodrigueznutrition.com\/fr\/wp-json\/wp\/v2\/pages\/2247\/revisions\/2257"}],"up":[{"embeddable":true,"href":"https:\/\/silviarodrigueznutrition.com\/fr\/wp-json\/wp\/v2\/pages\/1862"}],"wp:featuredmedia":[{"embeddable":true,"href":"https:\/\/silviarodrigueznutrition.com\/fr\/wp-json\/wp\/v2\/media\/2224"}],"wp:attachment":[{"href":"https:\/\/silviarodrigueznutrition.com\/fr\/wp-json\/wp\/v2\/media?parent=2247"}],"curies":[{"name":"wp","href":"https:\/\/api.w.org\/{rel}","templated":true}]}}