{"id":1929,"date":"2022-05-22T06:18:50","date_gmt":"2022-05-22T04:18:50","guid":{"rendered":"https:\/\/silviarodrigueznutrition.com\/?page_id=1929"},"modified":"2023-01-04T01:01:32","modified_gmt":"2023-01-04T00:01:32","slug":"politique-de-confidentialite","status":"publish","type":"page","link":"https:\/\/silviarodrigueznutrition.com\/fr\/politique-de-confidentialite\/","title":{"rendered":"Politique de confidentialit\u00e9"},"content":{"rendered":"<div id=\"content\" class=\"content\" role=\"main\">\n<p><span>Conform\u00e9ment au r\u00e8glement (UE) 2016\/679 du Parlement europ\u00e9en et du Conseil du 27 avril 2016 relatif \u00e0 la protection des personnes physiques \u00e0 l&#8217;\u00e9gard du traitement des donn\u00e9es \u00e0 caract\u00e8re personnel, qui abroge la directive 95\/46\/CE (ci-apr\u00e8s , GDPR), loi 34\/2002, du 11 juillet, sur les services de la soci\u00e9t\u00e9 de l&#8217;information et du commerce \u00e9lectronique (ci-apr\u00e8s, LSSI-CE) et loi organique 3\/2018 , de protection des donn\u00e9es personnelles et de garantie des droits num\u00e9riques (ci-apr\u00e8s, LOPDGDD ), Silvia Rodr\u00edguez garantit la protection et la confidentialit\u00e9 des donn\u00e9es personnelles, de toute nature, que nos clients nous fournissent, conform\u00e9ment aux dispositions du R\u00e8glement g\u00e9n\u00e9ral sur la protection des donn\u00e9es personnelles.<\/span><\/p>\n<p><span>Les donn\u00e9es fournies seront trait\u00e9es dans les termes \u00e9tablis dans le RGPD, en ce sens Silvia Rodr\u00edguez a adopt\u00e9 les niveaux de protection l\u00e9galement requis et a install\u00e9 toutes les mesures techniques \u00e0 sa disposition pour \u00e9viter la perte, l&#8217;utilisation abusive, l&#8217;alt\u00e9ration, l&#8217;acc\u00e8s non autoris\u00e9es par des tiers, expos\u00e9es ci-dessous. Cependant, l&#8217;utilisateur doit \u00eatre conscient que les mesures de s\u00e9curit\u00e9 Internet ne sont pas imprenables.<\/span><\/p>\n<p><strong><span>Responsable du traitement<\/span><\/strong><br \/>\n<span> Nom : Silvia Rodr\u00edguez <\/span><br \/>\n<span>CIF\/DNI : 76418630A <\/span><br \/>\n<span>Adresse : 11, Rue Maria Teresa, 7345 Heisdorf (Steinsel), Luxembourg <\/span><br \/>\n<span>T\u00e9l\u00e9phone : +352 661 418 631 <\/span><br \/>\n<span>Email : info@silviarodrigueznutrition.com<\/span><\/p>\n<p><strong><span>Finalit\u00e9 du traitement<\/span><\/strong><br \/>\n<span> Toutes les donn\u00e9es fournies par nos clients et\/ou visiteurs du site Web Silvia Rodr\u00edguez ou de son personnel seront incluses dans le registre des activit\u00e9s de traitement des donn\u00e9es personnelles, cr\u00e9\u00e9 et maintenu sous la responsabilit\u00e9 de Silvia Rodr\u00edguez, essentiel pour fournir les services demand\u00e9s par les utilisateurs, ou pour r\u00e9soudre les doutes ou les probl\u00e8mes soulev\u00e9s par nos visiteurs. Notre politique est de ne pas cr\u00e9er de profils sur les utilisateurs de nos services.<\/span><\/p>\n<p><strong><span>L\u00e9gitimit\u00e9 du traitement<\/span><\/strong><\/p>\n<ol type=\"a\">\n<li><span>Relation contractuelle : C&#8217;est celle qui s&#8217;applique lorsque vous achetez un de nos produits ou contractez l&#8217;un de nos services.<\/span><\/li>\n<li><span>Int\u00e9r\u00eat l\u00e9gitime : R\u00e9pondre aux questions et r\u00e9clamations que vous soulevez et g\u00e9rer le recouvrement des sommes dues.<\/span><\/li>\n<li><span>Votre consentement : Si vous \u00eates un utilisateur de notre site Web, en cochant la case du formulaire de contact, vous nous autorisez \u00e0 vous envoyer les communications n\u00e9cessaires pour r\u00e9pondre \u00e0 la requ\u00eate ou demande d&#8217;information soulev\u00e9e.<\/span><\/li>\n<\/ol>\n<p><strong><span>Destinataires<\/span><\/strong><br \/>\n<span> Nous ne transf\u00e9rons vos donn\u00e9es personnelles \u00e0 personne, \u00e0 l&#8217;exception des entit\u00e9s publiques ou priv\u00e9es auxquelles nous sommes oblig\u00e9s de fournir vos donn\u00e9es personnelles en raison du respect de toute loi. Pour donner un exemple, la loi fiscale oblige l&#8217;administration fiscale \u00e0 fournir certaines informations sur les op\u00e9rations \u00e9conomiques qui d\u00e9passent un certain montant.<\/span><\/p>\n<p><span>Dans le cas o\u00f9, en dehors des hypoth\u00e8ses susmentionn\u00e9es, nous devions divulguer vos informations personnelles \u00e0 d&#8217;autres entit\u00e9s, nous vous demanderons au pr\u00e9alable votre autorisation via des options claires qui vous permettront de d\u00e9cider \u00e0 cet \u00e9gard.<\/span><\/p>\n<p><strong><span>Communication<\/span><\/strong><br \/>\n<span> Nous n&#8217;effectuerons aucun transfert international de vos donn\u00e9es personnelles aux fins indiqu\u00e9es.<\/span><\/p>\n<p><strong><span>Conservation<\/span><\/strong><br \/>\n<span> Nous ne conserverons vos donn\u00e9es personnelles qu&#8217;aussi longtemps que n\u00e9cessaire pour atteindre les objectifs pour lesquels elles ont \u00e9t\u00e9 collect\u00e9es. Lors de la d\u00e9termination de la p\u00e9riode de conservation appropri\u00e9e, nous examinons les risques li\u00e9s au traitement, ainsi que nos obligations contractuelles, l\u00e9gales et r\u00e9glementaires, les politiques internes de conservation des donn\u00e9es et nos int\u00e9r\u00eats commerciaux l\u00e9gitimes d\u00e9crits dans la pr\u00e9sente politique de confidentialit\u00e9 et de cookies.<\/span><\/p>\n<p><span>En ce sens, Silvia Rodr\u00edguez conservera les donn\u00e9es personnelles une fois sa relation avec vous termin\u00e9e, d\u00fbment bloqu\u00e9e, pendant le d\u00e9lai de prescription des actions qui pourraient d\u00e9couler de la relation entretenue avec l&#8217;int\u00e9ress\u00e9.<\/span><\/p>\n<p><span>Une fois bloqu\u00e9es, vos donn\u00e9es seront inaccessibles \u00e0 Silvia Rodr\u00edguez et ne seront pas trait\u00e9es, sauf pour les mettre \u00e0 la disposition des administrations publiques, des juges et des tribunaux, \u00e0 l&#8217;attention des \u00e9ventuelles responsabilit\u00e9s d\u00e9coulant des traitements, ainsi que pour l&#8217;exercice et la d\u00e9fense de r\u00e9clamations devant l&#8217;Agence espagnole de protection des donn\u00e9es.<\/span><\/p>\n<p><strong><span>S\u00e9curit\u00e9<\/span><\/strong><br \/>\n<span> Nous d\u00e9ployons tous les efforts raisonnables pour maintenir la confidentialit\u00e9 des informations personnelles trait\u00e9es dans nos syst\u00e8mes. Nous maintenons des niveaux de s\u00e9curit\u00e9 stricts pour prot\u00e9ger les donn\u00e9es personnelles que nous traitons contre la perte accidentelle et l&#8217;acc\u00e8s, le traitement ou la divulgation non autoris\u00e9s, en tenant compte de l&#8217;\u00e9tat de la technologie, de la nature et des risques auxquels les donn\u00e9es sont expos\u00e9es. Cependant, nous ne pouvons \u00eatre tenus responsables de l&#8217;utilisation que vous faites des donn\u00e9es (notamment nom d&#8217;utilisateur et mot de passe) que vous utilisez sur notre site Web. Notre personnel suit des normes de confidentialit\u00e9 strictes, et si nous engageons des tiers pour fournir des services d&#8217;assistance, nous leur demandons de respecter les m\u00eames normes et nous permettons de les v\u00e9rifier pour leur conformit\u00e9.<\/span><\/p>\n<p><strong><span>Vos droits<\/span><\/strong><br \/>\n<span> Nous vous informons que vous pouvez exercer les droits suivants :<\/span><\/p>\n<ol type=\"a\">\n<li><span>Droit d&#8217;acc\u00e8s \u00e0 vos donn\u00e9es personnelles, de savoir lesquelles font l&#8217;objet d&#8217;un traitement et les traitements effectu\u00e9s avec celles-ci ;<\/span><\/li>\n<li><span>Droit de rectifier toute donn\u00e9e personnelle inexacte\u00a0;<\/span><\/li>\n<li><span>Droit de supprimer vos donn\u00e9es personnelles, lorsque cela est possible (par exemple, par imp\u00e9ratif l\u00e9gal) ;<\/span><\/li>\n<li><span>Droit de limiter le traitement de vos donn\u00e9es personnelles lorsque l&#8217;exactitude, la l\u00e9galit\u00e9 ou la n\u00e9cessit\u00e9 du traitement des donn\u00e9es est douteuse, auquel cas nous pouvons les conserver pour l&#8217;exercice ou la d\u00e9fense de r\u00e9clamations.<\/span><\/li>\n<li><span>Droit d&#8217;opposition au traitement de vos donn\u00e9es personnelles, lorsque la base l\u00e9gale qui nous permet de traiter celles indiqu\u00e9es est notre int\u00e9r\u00eat l\u00e9gitime. &#8220;Company_Name&#8221; cessera de traiter vos donn\u00e9es \u00e0 moins que cela n&#8217;ait un int\u00e9r\u00eat l\u00e9gitime ou soit n\u00e9cessaire pour d\u00e9fendre des r\u00e9clamations.<\/span><\/li>\n<li><span>Droit \u00e0 la portabilit\u00e9 de vos donn\u00e9es, lorsque la base l\u00e9gale qui nous permet de les traiter est l&#8217;existence d&#8217;une relation contractuelle ou votre consentement.<\/span><\/li>\n<li><span>Droit de r\u00e9voquer le consentement accord\u00e9 \u00e0 Silvia Rodr\u00edguez<\/span><\/li>\n<\/ol>\n<p><span>Pour exercer vos droits, vous pouvez le faire gratuitement et \u00e0 tout moment en nous contactant \u00e0 l&#8217;adresse 11, Rue Maria Teresa, 7345 Heisdorf (Steinsel), Luxembourg, en joignant une copie de votre pi\u00e8ce d&#8217;identit\u00e9.<\/span><\/p>\n<p><strong><span>Protection des droits<\/span><\/strong><br \/>\n<span> Dans le cas o\u00f9 vous comprenez que vos droits ont \u00e9t\u00e9 n\u00e9glig\u00e9s par notre entit\u00e9, vous pouvez d\u00e9poser une r\u00e9clamation aupr\u00e8s de l&#8217;Agence espagnole de protection des donn\u00e9es, par l&#8217;un des moyens suivants :<\/span><\/p>\n<ul>\n<li><span>Si\u00e8ge \u00e9lectronique : <\/span><a href=\"https:\/\/translate.google.com\/website?sl=auto&amp;tl=fr&amp;hl=es&amp;client=webapp&amp;u=https:\/\/www.aepd.es\"><span>https:\/\/www.aepd.es<\/span><\/a><\/li>\n<li><span>Courrier postal\u00a0: Agence espagnole de protection des donn\u00e9es, C\/ Jorge Juan, 6, 28001, Madrid<\/span><\/li>\n<li><span>T\u00e9l\u00e9phone : 901.100.099 et 912.663.517<\/span><\/li>\n<\/ul>\n<p><span>La formulation d&#8217;une r\u00e9clamation aupr\u00e8s de l&#8217;Agence espagnole de protection des donn\u00e9es n&#8217;entra\u00eene aucun co\u00fbt et l&#8217;assistance d&#8217;un avocat ou d&#8217;un notaire n&#8217;est pas n\u00e9cessaire.<\/span><\/p>\n<p><strong><span>Mises \u00e0 jour<\/span><\/strong><br \/>\n<span> Silvia Rodr\u00edguez se r\u00e9serve le droit de modifier cette politique pour l&#8217;adapter aux nouvelles l\u00e9gislations ou jurisprudences susceptibles d&#8217;affecter son respect.<\/span><\/p>\n<\/div>\n","protected":false},"excerpt":{"rendered":"<p>Conform\u00e9ment au r\u00e8glement (UE) 2016\/679 du Parlement europ\u00e9en et du Conseil du 27 avril 2016 relatif \u00e0 la protection des personnes physiques \u00e0 l&#8217;\u00e9gard du traitement des donn\u00e9es \u00e0 caract\u00e8re personnel, qui abroge la directive 95\/46\/CE (ci-apr\u00e8s , GDPR), loi 34\/2002, du 11 juillet, sur les services de la soci\u00e9t\u00e9 de l&#8217;information et du commerce&hellip;<\/p>\n","protected":false},"author":1,"featured_media":0,"parent":0,"menu_order":0,"comment_status":"closed","ping_status":"closed","template":"","meta":{"_acf_changed":false,"footnotes":""},"class_list":["post-1929","page","type-page","status-publish","hentry","description-off"],"acf":[],"yoast_head":"<!-- This site is optimized with the Yoast SEO plugin v25.5 - https:\/\/yoast.com\/wordpress\/plugins\/seo\/ -->\n<title>Politique de confidentialit\u00e9 - Silvia Rodr\u00edguez<\/title>\n<meta name=\"robots\" content=\"noindex, follow\" \/>\n<meta property=\"og:locale\" content=\"fr_FR\" \/>\n<meta property=\"og:type\" content=\"article\" \/>\n<meta property=\"og:title\" content=\"Politique de confidentialit\u00e9 - Silvia Rodr\u00edguez\" \/>\n<meta property=\"og:description\" content=\"Conform\u00e9ment au r\u00e8glement (UE) 2016\/679 du Parlement europ\u00e9en et du Conseil du 27 avril 2016 relatif \u00e0 la protection des personnes physiques \u00e0 l&#8217;\u00e9gard du traitement des donn\u00e9es \u00e0 caract\u00e8re personnel, qui abroge la directive 95\/46\/CE (ci-apr\u00e8s , GDPR), loi 34\/2002, du 11 juillet, sur les services de la soci\u00e9t\u00e9 de l&#8217;information et du commerce&hellip;\" \/>\n<meta property=\"og:url\" content=\"https:\/\/silviarodrigueznutrition.com\/fr\/politique-de-confidentialite\/\" \/>\n<meta property=\"og:site_name\" content=\"Silvia Rodr\u00edguez\" \/>\n<meta property=\"article:modified_time\" content=\"2023-01-04T00:01:32+00:00\" \/>\n<meta name=\"twitter:card\" content=\"summary_large_image\" \/>\n<meta name=\"twitter:label1\" content=\"Dur\u00e9e de lecture estim\u00e9e\" \/>\n\t<meta name=\"twitter:data1\" content=\"6 minutes\" \/>\n<script type=\"application\/ld+json\" class=\"yoast-schema-graph\">{\"@context\":\"https:\/\/schema.org\",\"@graph\":[{\"@type\":\"WebPage\",\"@id\":\"https:\/\/silviarodrigueznutrition.com\/fr\/politique-de-confidentialite\/\",\"url\":\"https:\/\/silviarodrigueznutrition.com\/fr\/politique-de-confidentialite\/\",\"name\":\"Politique de confidentialit\u00e9 - Silvia Rodr\u00edguez\",\"isPartOf\":{\"@id\":\"https:\/\/silviarodrigueznutrition.com\/fr\/#website\"},\"datePublished\":\"2022-05-22T04:18:50+00:00\",\"dateModified\":\"2023-01-04T00:01:32+00:00\",\"breadcrumb\":{\"@id\":\"https:\/\/silviarodrigueznutrition.com\/fr\/politique-de-confidentialite\/#breadcrumb\"},\"inLanguage\":\"fr-FR\",\"potentialAction\":[{\"@type\":\"ReadAction\",\"target\":[\"https:\/\/silviarodrigueznutrition.com\/fr\/politique-de-confidentialite\/\"]}]},{\"@type\":\"BreadcrumbList\",\"@id\":\"https:\/\/silviarodrigueznutrition.com\/fr\/politique-de-confidentialite\/#breadcrumb\",\"itemListElement\":[{\"@type\":\"ListItem\",\"position\":1,\"name\":\"Portada\",\"item\":\"https:\/\/silviarodrigueznutrition.com\/fr\/\"},{\"@type\":\"ListItem\",\"position\":2,\"name\":\"Politique de confidentialit\u00e9\"}]},{\"@type\":\"WebSite\",\"@id\":\"https:\/\/silviarodrigueznutrition.com\/fr\/#website\",\"url\":\"https:\/\/silviarodrigueznutrition.com\/fr\/\",\"name\":\"Silvia Rodr\u00edguez\",\"description\":\"Nutrition\",\"potentialAction\":[{\"@type\":\"SearchAction\",\"target\":{\"@type\":\"EntryPoint\",\"urlTemplate\":\"https:\/\/silviarodrigueznutrition.com\/fr\/?s={search_term_string}\"},\"query-input\":{\"@type\":\"PropertyValueSpecification\",\"valueRequired\":true,\"valueName\":\"search_term_string\"}}],\"inLanguage\":\"fr-FR\"}]}<\/script>\n<!-- \/ Yoast SEO plugin. -->","yoast_head_json":{"title":"Politique de confidentialit\u00e9 - Silvia Rodr\u00edguez","robots":{"index":"noindex","follow":"follow"},"og_locale":"fr_FR","og_type":"article","og_title":"Politique de confidentialit\u00e9 - Silvia Rodr\u00edguez","og_description":"Conform\u00e9ment au r\u00e8glement (UE) 2016\/679 du Parlement europ\u00e9en et du Conseil du 27 avril 2016 relatif \u00e0 la protection des personnes physiques \u00e0 l&#8217;\u00e9gard du traitement des donn\u00e9es \u00e0 caract\u00e8re personnel, qui abroge la directive 95\/46\/CE (ci-apr\u00e8s , GDPR), loi 34\/2002, du 11 juillet, sur les services de la soci\u00e9t\u00e9 de l&#8217;information et du commerce&hellip;","og_url":"https:\/\/silviarodrigueznutrition.com\/fr\/politique-de-confidentialite\/","og_site_name":"Silvia Rodr\u00edguez","article_modified_time":"2023-01-04T00:01:32+00:00","twitter_card":"summary_large_image","twitter_misc":{"Dur\u00e9e de lecture estim\u00e9e":"6 minutes"},"schema":{"@context":"https:\/\/schema.org","@graph":[{"@type":"WebPage","@id":"https:\/\/silviarodrigueznutrition.com\/fr\/politique-de-confidentialite\/","url":"https:\/\/silviarodrigueznutrition.com\/fr\/politique-de-confidentialite\/","name":"Politique de confidentialit\u00e9 - Silvia Rodr\u00edguez","isPartOf":{"@id":"https:\/\/silviarodrigueznutrition.com\/fr\/#website"},"datePublished":"2022-05-22T04:18:50+00:00","dateModified":"2023-01-04T00:01:32+00:00","breadcrumb":{"@id":"https:\/\/silviarodrigueznutrition.com\/fr\/politique-de-confidentialite\/#breadcrumb"},"inLanguage":"fr-FR","potentialAction":[{"@type":"ReadAction","target":["https:\/\/silviarodrigueznutrition.com\/fr\/politique-de-confidentialite\/"]}]},{"@type":"BreadcrumbList","@id":"https:\/\/silviarodrigueznutrition.com\/fr\/politique-de-confidentialite\/#breadcrumb","itemListElement":[{"@type":"ListItem","position":1,"name":"Portada","item":"https:\/\/silviarodrigueznutrition.com\/fr\/"},{"@type":"ListItem","position":2,"name":"Politique de confidentialit\u00e9"}]},{"@type":"WebSite","@id":"https:\/\/silviarodrigueznutrition.com\/fr\/#website","url":"https:\/\/silviarodrigueznutrition.com\/fr\/","name":"Silvia Rodr\u00edguez","description":"Nutrition","potentialAction":[{"@type":"SearchAction","target":{"@type":"EntryPoint","urlTemplate":"https:\/\/silviarodrigueznutrition.com\/fr\/?s={search_term_string}"},"query-input":{"@type":"PropertyValueSpecification","valueRequired":true,"valueName":"search_term_string"}}],"inLanguage":"fr-FR"}]}},"_links":{"self":[{"href":"https:\/\/silviarodrigueznutrition.com\/fr\/wp-json\/wp\/v2\/pages\/1929","targetHints":{"allow":["GET"]}}],"collection":[{"href":"https:\/\/silviarodrigueznutrition.com\/fr\/wp-json\/wp\/v2\/pages"}],"about":[{"href":"https:\/\/silviarodrigueznutrition.com\/fr\/wp-json\/wp\/v2\/types\/page"}],"author":[{"embeddable":true,"href":"https:\/\/silviarodrigueznutrition.com\/fr\/wp-json\/wp\/v2\/users\/1"}],"replies":[{"embeddable":true,"href":"https:\/\/silviarodrigueznutrition.com\/fr\/wp-json\/wp\/v2\/comments?post=1929"}],"version-history":[{"count":1,"href":"https:\/\/silviarodrigueznutrition.com\/fr\/wp-json\/wp\/v2\/pages\/1929\/revisions"}],"predecessor-version":[{"id":1930,"href":"https:\/\/silviarodrigueznutrition.com\/fr\/wp-json\/wp\/v2\/pages\/1929\/revisions\/1930"}],"wp:attachment":[{"href":"https:\/\/silviarodrigueznutrition.com\/fr\/wp-json\/wp\/v2\/media?parent=1929"}],"curies":[{"name":"wp","href":"https:\/\/api.w.org\/{rel}","templated":true}]}}