{"id":1919,"date":"2022-05-22T06:02:18","date_gmt":"2022-05-22T04:02:18","guid":{"rendered":"https:\/\/silviarodrigueznutrition.com\/?page_id=1919"},"modified":"2023-01-04T01:05:23","modified_gmt":"2023-01-04T00:05:23","slug":"avis-juridique","status":"publish","type":"page","link":"https:\/\/silviarodrigueznutrition.com\/fr\/avis-juridique\/","title":{"rendered":"Avis juridique"},"content":{"rendered":"<p>Dans les pr\u00e9sentes mentions l\u00e9gales, l&#8217;utilisateur peut trouver toutes les informations relatives aux conditions l\u00e9gales qui d\u00e9finissent les relations entre les utilisateurs et le responsable de la page Web accessible \u00e0 l&#8217;URL https:\/\/silviarodrigueznutrition.com (ci-apr\u00e8s, le site Web) , que Silvia Rodr\u00edguez met \u00e0 la disposition des internautes.<\/p>\n<p>L&#8217;utilisation du site implique l&#8217;acceptation enti\u00e8re et sans r\u00e9serve de chacune des dispositions contenues dans les pr\u00e9sentes mentions l\u00e9gales. Par cons\u00e9quent, l&#8217;utilisateur du site Web doit lire attentivement les pr\u00e9sentes mentions l\u00e9gales \u00e0 chacune des occasions o\u00f9 il a l&#8217;intention d&#8217;utiliser le site Web, car le texte pourrait \u00eatre modifi\u00e9 \u00e0 la discr\u00e9tion du propri\u00e9taire du site Web ou en raison d&#8217;un changement l\u00e9gislatif. , la pratique jurisprudentielle ou commerciale.<\/p>\n<p><strong>1.- COORDONN\u00c9ES DU PROPRI\u00c9TAIRE DU SITE WEB RESPONSABLE. <\/strong><br \/>\nNom du propri\u00e9taire : Silvia Rodr\u00edguez<br \/>\nSi\u00e8ge social : 11, Rue Maria Teresa, 7345 Heisdorf (Steinsel), Luxembourg<br \/>\nCIF\/DNI : 76418630A<br \/>\nNum\u00e9ro de t\u00e9l\u00e9phone : +352 661 418 631<br \/>\nEmail : info@silviarodrigueznutrition.com<\/p>\n<p>Silvia Rodr\u00edguez est responsable du site Web et s&#8217;engage \u00e0 respecter toutes les exigences nationales et europ\u00e9ennes qui r\u00e9glementent l&#8217;utilisation des donn\u00e9es personnelles des utilisateurs.<\/p>\n<p>Ce site Web garantit la protection et la confidentialit\u00e9 des donn\u00e9es personnelles que vous nous fournissez conform\u00e9ment aux dispositions du r\u00e8glement g\u00e9n\u00e9ral sur la protection des donn\u00e9es personnelles (UE) 2016\/679 du Parlement europ\u00e9en et du Conseil du 27 avril 2016. , dans la loi organique 3\/2018, de protection des donn\u00e9es personnelles et de garantie des droits num\u00e9riques, ainsi que dans la loi sur les services de la soci\u00e9t\u00e9 de l&#8217;information et du commerce \u00e9lectronique 34\/2002 du 11 juillet (LSSI-CE)<br \/>\n<strong>2 .- OBJET . <\/strong><br \/>\nLe site Web offre \u00e0 ses utilisateurs un acc\u00e8s aux informations et aux services fournis par Silvia Rodr\u00edguez aux personnes ou organisations qui les int\u00e9ressent.<\/p>\n<p>L&#8217;acc\u00e8s et l&#8217;utilisation du Site Web attribuent la condition d&#8217;utilisateur du Site Web (ci-apr\u00e8s, l'&#8221;Utilisateur&#8221;) et impliquent l&#8217;acceptation de toutes les conditions incluses dans les pr\u00e9sentes Mentions L\u00e9gales ainsi que ses modifications. La fourniture du service du site Web a une dur\u00e9e limit\u00e9e au moment o\u00f9 l&#8217;utilisateur est connect\u00e9 au site Web ou \u00e0 l&#8217;un des services fournis par son interm\u00e9diaire. Par cons\u00e9quent, l&#8217;utilisateur doit lire attentivement le pr\u00e9sent avis juridique \u00e0 chacune des occasions o\u00f9 il a l&#8217;intention d&#8217;utiliser le site Web, car celui-ci et ses conditions d&#8217;utilisation contenues dans le pr\u00e9sent avis juridique peuvent \u00eatre modifi\u00e9s.<br \/>\n<strong>3.- ACC\u00c8S ET UTILISATION DU WEB.<\/strong><br \/>\n3.1.- Gratuit\u00e9 de l&#8217;acc\u00e8s et de l&#8217;utilisation du web. L&#8217;acc\u00e8s au site Web est gratuit pour ses utilisateurs, sauf en ce qui concerne le co\u00fbt de la connexion via le r\u00e9seau de t\u00e9l\u00e9communications fourni par le fournisseur d&#8217;acc\u00e8s contract\u00e9 par les utilisateurs.<br \/>\n3.2.- Enregistrement de l&#8217;utilisateur. En g\u00e9n\u00e9ral, l&#8217;acc\u00e8s et l&#8217;utilisation du site Web ne n\u00e9cessitent pas l&#8217;abonnement ou l&#8217;enregistrement pr\u00e9alable de ses utilisateurs.<br \/>\n3.3.- Les utilisateurs garantissent et sont responsables, dans tous les cas, de l&#8217;exactitude, de la validit\u00e9 et de l&#8217;authenticit\u00e9 des donn\u00e9es personnelles fournies, et s&#8217;engagent \u00e0 les tenir d\u00fbment mises \u00e0 jour. L&#8217;utilisateur s&#8217;engage \u00e0 fournir des informations compl\u00e8tes et correctes dans le formulaire de contact ou d&#8217;inscription.<\/p>\n<p>En aucun cas, des donn\u00e9es relatives \u00e0 la situation professionnelle, \u00e9conomique ou \u00e0 la vie priv\u00e9e des autres membres de la famille ne seront collect\u00e9es aupr\u00e8s du mineur, sans son consentement. Si vous avez moins de treize ans et que vous avez acc\u00e9d\u00e9 \u00e0 ce site Web sans en avertir vos parents, vous ne devez pas vous inscrire en tant qu&#8217;utilisateur.<\/p>\n<p>Sur ce site, les donn\u00e9es personnelles des utilisateurs sont respect\u00e9es et soign\u00e9es. En tant qu&#8217;utilisateur, vous devez savoir que vos droits sont garantis.<br \/>\n<strong>4.- CONTENU WEB. <\/strong><br \/>\nLa langue utilis\u00e9e par le propri\u00e9taire sur le site Web sera l&#8217;espagnol. Silvia Rodr\u00edguez n&#8217;est pas responsable du manque de compr\u00e9hension ou de compr\u00e9hension de la langue du web par l&#8217;utilisateur, ni de ses cons\u00e9quences.<br \/>\nSilvia Rodr\u00edguez peut modifier les contenus sans pr\u00e9avis, ainsi que les supprimer et les modifier sur le Web, comme la mani\u00e8re dont ils sont accessibles, sans aucune justification et librement, sans assumer la responsabilit\u00e9 des cons\u00e9quences qu&#8217;ils peuvent causer aux utilisateurs. .<br \/>\nL&#8217;utilisation du contenu du Web pour promouvoir, contracter ou diffuser de la publicit\u00e9 ou des informations propres ou celles de tiers sans l&#8217;autorisation de Silvia Rodr\u00edguez, ni envoyer de la publicit\u00e9 ou des informations en utilisant les services ou les informations mis \u00e0 la disposition des utilisateurs, que ce soit l&#8217;utilisation est libre ou non.<br \/>\nLes liens ou hyperliens que des tiers incorporent dans leurs pages Web, dirig\u00e9s vers ce site Web, seront destin\u00e9s \u00e0 l&#8217;ouverture de la page Web compl\u00e8te, ne pouvant manifester, directement ou indirectement, des indications fausses, inexactes ou confuses, ni encourir de d\u00e9loyales ou actions ill\u00e9gales contre Silvia Rodr\u00edguez<br \/>\n<strong>5.- MESURES DE S\u00c9CURIT\u00c9.<\/strong><br \/>\nLes donn\u00e9es personnelles communiqu\u00e9es par l&#8217;utilisateur peuvent \u00eatre stock\u00e9es dans des bases de donn\u00e9es automatis\u00e9es ou non, dont la propri\u00e9t\u00e9 correspond exclusivement \u00e0 Silvia Rodr\u00edguez, en assumant toutes les mesures techniques, organisationnelles et de s\u00e9curit\u00e9 qui garantissent la confidentialit\u00e9, l&#8217;int\u00e9grit\u00e9 et la qualit\u00e9 des informations qui y sont contenues conform\u00e9ment \u00e0 la dispositions de la r\u00e9glementation en vigueur sur la protection des donn\u00e9es personnelles.<br \/>\n<strong>6.- LIMITATION DE RESPONSABILIT\u00c9.<\/strong><br \/>\nL&#8217;acc\u00e8s au site Web et l&#8217;utilisation non consensuelle qui peut \u00eatre faite des informations qu&#8217;il contient rel\u00e8vent de la seule responsabilit\u00e9 de la personne qui l&#8217;ex\u00e9cute. Silvia Rodr\u00edguez ne sera pas responsable des cons\u00e9quences, dommages ou pr\u00e9judices pouvant d\u00e9couler de cet acc\u00e8s ou de cette utilisation. Silvia Rodr\u00edguez n&#8217;est pas responsable des erreurs de s\u00e9curit\u00e9 qui pourraient survenir ou des dommages qui pourraient \u00eatre caus\u00e9s au syst\u00e8me informatique de l&#8217;utilisateur (mat\u00e9riel et logiciel), ou aux fichiers ou documents qui y sont stock\u00e9s, \u00e0 la suite de :<br \/>\n\u2013 la pr\u00e9sence d&#8217;un virus dans l&#8217;ordinateur de l&#8217;utilisateur qui est utilis\u00e9 pour se connecter aux services et contenus du Web.<br \/>\n\u2013 un dysfonctionnement du navigateur.<br \/>\n\u2013 et\/ou l&#8217;utilisation de versions non mises \u00e0 jour de celles-ci.<br \/>\nSilvia Rodr\u00edguez n&#8217;est pas responsable de la fiabilit\u00e9 et de la rapidit\u00e9 des hyperliens qui sont incorpor\u00e9s dans le Web pour en ouvrir d&#8217;autres. Silvia Rodr\u00edguez ne garantit pas l&#8217;utilit\u00e9 de ces liens, ni n&#8217;est responsable du contenu ou des services auxquels l&#8217;utilisateur peut acc\u00e9der via ces liens, ni du bon fonctionnement de ces sites Web.<br \/>\nSilvia Rodr\u00edguez ne sera pas responsable des virus ou autres programmes informatiques qui d\u00e9t\u00e9riorent ou peuvent d\u00e9t\u00e9riorer les syst\u00e8mes ou \u00e9quipements informatiques des utilisateurs lors de l&#8217;acc\u00e8s \u00e0 son site Web ou \u00e0 d&#8217;autres sites Web accessibles via des liens sur ce site Web.<br \/>\n<strong>7.- UTILISATION DE LA TECHNOLOGIE \u00ab COOKIE \u00bb.<\/strong><br \/>\nLe site Web peut utiliser des cookies ou des technologies similaires qui seront r\u00e9gies par les dispositions de la politique de cookies, accessible \u00e0 tout moment et respectant la confidentialit\u00e9 et la vie priv\u00e9e de l&#8217;utilisateur, faisant partie int\u00e9grante du pr\u00e9sent avis juridique.<br \/>\n<strong>8.- NAVIGATION.<\/strong><br \/>\nLes serveurs Internet peuvent collecter des donn\u00e9es non identifiantes, qui peuvent inclure des adresses IP et d&#8217;autres donn\u00e9es qui ne peuvent pas \u00eatre utilis\u00e9es pour identifier l&#8217;utilisateur. Votre adresse IP sera automatiquement enregistr\u00e9e dans les journaux d&#8217;acc\u00e8s et dans le seul but de permettre le transit sur Internet, votre ordinateur devant fournir cette adresse IP lors de la navigation sur Internet pour que les communications puissent s&#8217;effectuer. De m\u00eame, l&#8217;adresse IP pourra \u00eatre utilis\u00e9e pour r\u00e9aliser des statistiques, de mani\u00e8re anonyme, sur le nombre de visiteurs de ce site et leur provenance, de mani\u00e8re totalement transparente \u00e0 leur navigation.<br \/>\n<strong>9.- PROPRI\u00c9T\u00c9 INTELLECTUELLE ET INDUSTRIELLE<\/strong><br \/>\nL&#8217;utilisateur sait et accepte que tous les contenus et\/ou tout autre \u00e9l\u00e9ment du site Web sont la propri\u00e9t\u00e9 de Silvia Rodr\u00edguez et s&#8217;engage \u00e0 respecter les droits de propri\u00e9t\u00e9 intellectuelle et industrielle d\u00e9tenus par Silvia Rodr\u00edguez. Toute utilisation du site ou de son contenu doit avoir un caract\u00e8re exclusivement priv\u00e9.<br \/>\nToute autre utilisation impliquant la copie, la reproduction, la distribution, la transformation, la communication publique ou toute autre action similaire, de tout ou partie du contenu du site Web, est r\u00e9serv\u00e9e exclusivement \u00e0 Silvia Rodr\u00edguez, de sorte qu&#8217;aucun utilisateur ne peut effectuer ces actions sans l&#8217;accord pr\u00e9alable. autorisation \u00e9crite de Silvia Rodr\u00edguez<br \/>\n<strong>10.- L\u00c9GISLATION APPLICABLE ET JURIDICTION COMP\u00c9TENTE<\/strong><br \/>\nLe pr\u00e9sent avis juridique sera interpr\u00e9t\u00e9 et r\u00e9gi conform\u00e9ment \u00e0 la l\u00e9gislation espagnole. Silvia Rodr\u00edguez et les utilisateurs, renon\u00e7ant express\u00e9ment \u00e0 toute autre juridiction qui pourrait leur correspondre, soumettent aux cours et tribunaux du domicile de l&#8217;utilisateur tout litige pouvant d\u00e9couler de l&#8217;acc\u00e8s ou de l&#8217;utilisation du site. Dans le cas o\u00f9 l&#8217;utilisateur est domicili\u00e9 hors d&#8217;Espagne, Silvia Rodr\u00edguez et l&#8217;utilisateur se soumettent, renon\u00e7ant express\u00e9ment \u00e0 toute autre juridiction, aux cours et tribunaux du domicile au Luxembourg.<\/p>\n","protected":false},"excerpt":{"rendered":"<p>Dans les pr\u00e9sentes mentions l\u00e9gales, l&#8217;utilisateur peut trouver toutes les informations relatives aux conditions l\u00e9gales qui d\u00e9finissent les relations entre les utilisateurs et le responsable de la page Web accessible \u00e0 l&#8217;URL https:\/\/silviarodrigueznutrition.com (ci-apr\u00e8s, le site Web) , que Silvia Rodr\u00edguez met \u00e0 la disposition des internautes. L&#8217;utilisation du site implique l&#8217;acceptation enti\u00e8re et sans&hellip;<\/p>\n","protected":false},"author":1,"featured_media":0,"parent":0,"menu_order":0,"comment_status":"closed","ping_status":"closed","template":"","meta":{"_acf_changed":false,"footnotes":""},"class_list":["post-1919","page","type-page","status-publish","hentry","description-off"],"acf":[],"yoast_head":"<!-- This site is optimized with the Yoast SEO plugin v25.5 - https:\/\/yoast.com\/wordpress\/plugins\/seo\/ -->\n<title>Avis juridique - Silvia Rodr\u00edguez<\/title>\n<meta name=\"robots\" content=\"noindex, follow\" \/>\n<meta property=\"og:locale\" content=\"fr_FR\" \/>\n<meta property=\"og:type\" content=\"article\" \/>\n<meta property=\"og:title\" content=\"Avis juridique - Silvia Rodr\u00edguez\" \/>\n<meta property=\"og:description\" content=\"Dans les pr\u00e9sentes mentions l\u00e9gales, l&#8217;utilisateur peut trouver toutes les informations relatives aux conditions l\u00e9gales qui d\u00e9finissent les relations entre les utilisateurs et le responsable de la page Web accessible \u00e0 l&#8217;URL https:\/\/silviarodrigueznutrition.com (ci-apr\u00e8s, le site Web) , que Silvia Rodr\u00edguez met \u00e0 la disposition des internautes. L&#8217;utilisation du site implique l&#8217;acceptation enti\u00e8re et sans&hellip;\" \/>\n<meta property=\"og:url\" content=\"https:\/\/silviarodrigueznutrition.com\/fr\/avis-juridique\/\" \/>\n<meta property=\"og:site_name\" content=\"Silvia Rodr\u00edguez\" \/>\n<meta property=\"article:modified_time\" content=\"2023-01-04T00:05:23+00:00\" \/>\n<meta name=\"twitter:card\" content=\"summary_large_image\" \/>\n<meta name=\"twitter:label1\" content=\"Dur\u00e9e de lecture estim\u00e9e\" \/>\n\t<meta name=\"twitter:data1\" content=\"8 minutes\" \/>\n<script type=\"application\/ld+json\" class=\"yoast-schema-graph\">{\"@context\":\"https:\/\/schema.org\",\"@graph\":[{\"@type\":\"WebPage\",\"@id\":\"https:\/\/silviarodrigueznutrition.com\/fr\/avis-juridique\/\",\"url\":\"https:\/\/silviarodrigueznutrition.com\/fr\/avis-juridique\/\",\"name\":\"Avis juridique - Silvia Rodr\u00edguez\",\"isPartOf\":{\"@id\":\"https:\/\/silviarodrigueznutrition.com\/fr\/#website\"},\"datePublished\":\"2022-05-22T04:02:18+00:00\",\"dateModified\":\"2023-01-04T00:05:23+00:00\",\"breadcrumb\":{\"@id\":\"https:\/\/silviarodrigueznutrition.com\/fr\/avis-juridique\/#breadcrumb\"},\"inLanguage\":\"fr-FR\",\"potentialAction\":[{\"@type\":\"ReadAction\",\"target\":[\"https:\/\/silviarodrigueznutrition.com\/fr\/avis-juridique\/\"]}]},{\"@type\":\"BreadcrumbList\",\"@id\":\"https:\/\/silviarodrigueznutrition.com\/fr\/avis-juridique\/#breadcrumb\",\"itemListElement\":[{\"@type\":\"ListItem\",\"position\":1,\"name\":\"Portada\",\"item\":\"https:\/\/silviarodrigueznutrition.com\/fr\/\"},{\"@type\":\"ListItem\",\"position\":2,\"name\":\"Avis juridique\"}]},{\"@type\":\"WebSite\",\"@id\":\"https:\/\/silviarodrigueznutrition.com\/fr\/#website\",\"url\":\"https:\/\/silviarodrigueznutrition.com\/fr\/\",\"name\":\"Silvia Rodr\u00edguez\",\"description\":\"Nutrition\",\"potentialAction\":[{\"@type\":\"SearchAction\",\"target\":{\"@type\":\"EntryPoint\",\"urlTemplate\":\"https:\/\/silviarodrigueznutrition.com\/fr\/?s={search_term_string}\"},\"query-input\":{\"@type\":\"PropertyValueSpecification\",\"valueRequired\":true,\"valueName\":\"search_term_string\"}}],\"inLanguage\":\"fr-FR\"}]}<\/script>\n<!-- \/ Yoast SEO plugin. -->","yoast_head_json":{"title":"Avis juridique - Silvia Rodr\u00edguez","robots":{"index":"noindex","follow":"follow"},"og_locale":"fr_FR","og_type":"article","og_title":"Avis juridique - Silvia Rodr\u00edguez","og_description":"Dans les pr\u00e9sentes mentions l\u00e9gales, l&#8217;utilisateur peut trouver toutes les informations relatives aux conditions l\u00e9gales qui d\u00e9finissent les relations entre les utilisateurs et le responsable de la page Web accessible \u00e0 l&#8217;URL https:\/\/silviarodrigueznutrition.com (ci-apr\u00e8s, le site Web) , que Silvia Rodr\u00edguez met \u00e0 la disposition des internautes. L&#8217;utilisation du site implique l&#8217;acceptation enti\u00e8re et sans&hellip;","og_url":"https:\/\/silviarodrigueznutrition.com\/fr\/avis-juridique\/","og_site_name":"Silvia Rodr\u00edguez","article_modified_time":"2023-01-04T00:05:23+00:00","twitter_card":"summary_large_image","twitter_misc":{"Dur\u00e9e de lecture estim\u00e9e":"8 minutes"},"schema":{"@context":"https:\/\/schema.org","@graph":[{"@type":"WebPage","@id":"https:\/\/silviarodrigueznutrition.com\/fr\/avis-juridique\/","url":"https:\/\/silviarodrigueznutrition.com\/fr\/avis-juridique\/","name":"Avis juridique - Silvia Rodr\u00edguez","isPartOf":{"@id":"https:\/\/silviarodrigueznutrition.com\/fr\/#website"},"datePublished":"2022-05-22T04:02:18+00:00","dateModified":"2023-01-04T00:05:23+00:00","breadcrumb":{"@id":"https:\/\/silviarodrigueznutrition.com\/fr\/avis-juridique\/#breadcrumb"},"inLanguage":"fr-FR","potentialAction":[{"@type":"ReadAction","target":["https:\/\/silviarodrigueznutrition.com\/fr\/avis-juridique\/"]}]},{"@type":"BreadcrumbList","@id":"https:\/\/silviarodrigueznutrition.com\/fr\/avis-juridique\/#breadcrumb","itemListElement":[{"@type":"ListItem","position":1,"name":"Portada","item":"https:\/\/silviarodrigueznutrition.com\/fr\/"},{"@type":"ListItem","position":2,"name":"Avis juridique"}]},{"@type":"WebSite","@id":"https:\/\/silviarodrigueznutrition.com\/fr\/#website","url":"https:\/\/silviarodrigueznutrition.com\/fr\/","name":"Silvia Rodr\u00edguez","description":"Nutrition","potentialAction":[{"@type":"SearchAction","target":{"@type":"EntryPoint","urlTemplate":"https:\/\/silviarodrigueznutrition.com\/fr\/?s={search_term_string}"},"query-input":{"@type":"PropertyValueSpecification","valueRequired":true,"valueName":"search_term_string"}}],"inLanguage":"fr-FR"}]}},"_links":{"self":[{"href":"https:\/\/silviarodrigueznutrition.com\/fr\/wp-json\/wp\/v2\/pages\/1919","targetHints":{"allow":["GET"]}}],"collection":[{"href":"https:\/\/silviarodrigueznutrition.com\/fr\/wp-json\/wp\/v2\/pages"}],"about":[{"href":"https:\/\/silviarodrigueznutrition.com\/fr\/wp-json\/wp\/v2\/types\/page"}],"author":[{"embeddable":true,"href":"https:\/\/silviarodrigueznutrition.com\/fr\/wp-json\/wp\/v2\/users\/1"}],"replies":[{"embeddable":true,"href":"https:\/\/silviarodrigueznutrition.com\/fr\/wp-json\/wp\/v2\/comments?post=1919"}],"version-history":[{"count":2,"href":"https:\/\/silviarodrigueznutrition.com\/fr\/wp-json\/wp\/v2\/pages\/1919\/revisions"}],"predecessor-version":[{"id":1932,"href":"https:\/\/silviarodrigueznutrition.com\/fr\/wp-json\/wp\/v2\/pages\/1919\/revisions\/1932"}],"wp:attachment":[{"href":"https:\/\/silviarodrigueznutrition.com\/fr\/wp-json\/wp\/v2\/media?parent=1919"}],"curies":[{"name":"wp","href":"https:\/\/api.w.org\/{rel}","templated":true}]}}